{"id":1239,"date":"2025-04-22T14:44:01","date_gmt":"2025-04-22T19:44:01","guid":{"rendered":"https:\/\/www.thenatureforce.com\/?page_id=1239"},"modified":"2025-04-24T13:25:19","modified_gmt":"2025-04-24T18:25:19","slug":"restoring-the-lorette-river-watershed-to-reduce-flood-risks","status":"publish","type":"page","link":"https:\/\/www.thenatureforce.com\/fr\/projects\/restoring-the-lorette-river-watershed-to-reduce-flood-risks\/","title":{"rendered":"Restaurer le bassin versant de la rivi\u00e8re Lorette pour att\u00e9nuer les risques d\u2019inondation"},"content":{"rendered":"<div class=\"wp-block-group has-global-padding is-layout-constrained wp-container-core-group-is-layout-f1a6050c wp-block-group-is-layout-constrained\">\n<div class=\"wp-block-group has-global-padding is-layout-constrained wp-container-core-group-is-layout-f1a6050c wp-block-group-is-layout-constrained\">\n<p>Tout r\u00e9cemment, l\u2019\u00e9quipe du Qu\u00e9bec a lanc\u00e9 son programme Force de la nature dans la province avec un projet visant \u00e0 accro\u00eetre la r\u00e9silience du bassin versant de la rivi\u00e8re Lorette. Cette rivi\u00e8re, traversant le territoire de la Ville de Qu\u00e9bec et de la Ville de L\u2019Ancienne-Lorette, est reconnue pour ses probl\u00e9matiques d\u2019inondations. En effet, deux \u00e9pisodes d\u2019inondation majeurs se sont produits dans son bassin versant en 2005 et en 2013.<\/p>\n\n\n\n<figure class=\"wp-block-image aligncenter size-large is-resized\"><img loading=\"lazy\" decoding=\"async\" width=\"1024\" height=\"680\" src=\"https:\/\/www.thenatureforce.com\/assets\/2025\/04\/LoretteRiver-1024x680.jpg\" alt=\"Lorette River\" class=\"wp-image-1237\" style=\"width:688px;height:auto\" srcset=\"https:\/\/www.thenatureforce.com\/assets\/2025\/04\/LoretteRiver-1024x680.jpg 1024w, https:\/\/www.thenatureforce.com\/assets\/2025\/04\/LoretteRiver-300x199.jpg 300w, https:\/\/www.thenatureforce.com\/assets\/2025\/04\/LoretteRiver-768x510.jpg 768w, https:\/\/www.thenatureforce.com\/assets\/2025\/04\/LoretteRiver-18x12.jpg 18w, https:\/\/www.thenatureforce.com\/assets\/2025\/04\/LoretteRiver.jpg 1074w\" sizes=\"auto, (max-width: 1024px) 100vw, 1024px\" \/><figcaption class=\"wp-element-caption\">La rivi\u00e8re Lorette bordant le terrain d\u2019un propri\u00e9taire participant au projet Cr\u00e9dit photo : M\u00e9lanie Jean<\/figcaption><\/figure>\n\n\n\n<h2 class=\"wp-block-heading\">Des solutions fond\u00e9es sur la nature<\/h2>\n\n\n\n<p>Face aux d\u00e9fis environnementaux d\u2019aujourd\u2019hui, les solutions fond\u00e9es sur la nature s\u2019imposent comme une approche durable pour restaurer les \u00e9cosyst\u00e8mes. Elles permettent non seulement de renforcer la r\u00e9silience des milieux, mais apportent \u00e9galement des b\u00e9n\u00e9fices concrets aux communaut\u00e9s.<\/p>\n\n\n\n<p>L\u2019objectif de ce projet r\u00e9alis\u00e9 dans la r\u00e9gion de la Capitale-Nationale est de restaurer l\u2019amont du bassin versant de la rivi\u00e8re Lorette par la restauration de milieux humides, hydriques et naturels. Tout comme les autres initiatives Force de la nature men\u00e9es au Canada, les infrastructures naturelles seront utilis\u00e9es pour contribuer \u00e0 att\u00e9nuer les risques d\u2019inondation et augmenter la r\u00e9silience face aux changements climatiques.<\/p>\n\n\n\n<p>Active sur le terrain, l\u2019\u00e9quipe de Canards Illimit\u00e9s Canada (CIC) cible pr\u00e9sentement les sites cl\u00e9s \u00e0 conserver et \u00e0 restaurer, avec l\u2019aide des propri\u00e9taires dans la zone \u00e0 l\u2019\u00e9tude. Tout au long de la mise en \u0153uvre du projet, la collaboration fera partie int\u00e9grante de l\u2019approche de CIC.<\/p>\n\n\n\n<figure class=\"wp-block-image size-full\"><img loading=\"lazy\" decoding=\"async\" width=\"935\" height=\"701\" src=\"https:\/\/www.thenatureforce.com\/assets\/2025\/04\/LoretteRiverFarmland.jpg\" alt=\"Lorette River farmland\" class=\"wp-image-1240\" srcset=\"https:\/\/www.thenatureforce.com\/assets\/2025\/04\/LoretteRiverFarmland.jpg 935w, https:\/\/www.thenatureforce.com\/assets\/2025\/04\/LoretteRiverFarmland-300x225.jpg 300w, https:\/\/www.thenatureforce.com\/assets\/2025\/04\/LoretteRiverFarmland-768x576.jpg 768w, https:\/\/www.thenatureforce.com\/assets\/2025\/04\/LoretteRiverFarmland-16x12.jpg 16w\" sizes=\"auto, (max-width: 935px) 100vw, 935px\" \/><figcaption class=\"wp-element-caption\">La rivi\u00e8re Lorette traversant une terre agricole Cr\u00e9dit photo : William Verge<\/figcaption><\/figure>\n\n\n\n<h2 class=\"wp-block-heading\"><strong>Agir en amont pour prot\u00e9ger l\u2019aval<\/strong>\u00a0<\/h2>\n\n\n\n<p>Voil\u00e0 le principe guidant cette initiative d\u2019envergure, qui aura des retomb\u00e9es localement, mais aussi \u00e0 l\u2019\u00e9chelle du bassin versant! Cette initiative d\u2019adaptation aux changements climatiques permettra d\u2019augmenter la capacit\u00e9 de r\u00e9tention d\u2019eau \u00e0 la source, ce qui pourra contribuer \u00e0 att\u00e9nuer les crues.<\/p>\n\n\n\n<h2 class=\"wp-block-heading\"><strong><strong>Une collaboration \u00e0 grande \u00e9chelle<\/strong><\/strong>&nbsp;<\/h2>\n\n\n\n<p>Cette initiative ne saurait \u00eatre possible sans l\u2019appui pr\u00e9cieux de partenaires solides. Merci aux nombreux partenaires qui ont uni leurs efforts \u00e0 ceux de CIC jusqu\u2019\u00e0 pr\u00e9sent, via une contribution totale de pr\u00e8s de 1 million de dollars : <\/p>\n\n\n\n<ul class=\"wp-block-list\">\n<li>Environnement et Changement climatique Canada (ECCC), par l\u2019interm\u00e9diaire du Fonds des solutions climatiques ax\u00e9es sur la nature (FSCAN);<\/li>\n\n\n\n<li>Les partenaires du programme Force de la nature, un collectif de compagnies d\u2019assurance de dommages;<\/li>\n\n\n\n<li>La Ville de Qu\u00e9bec;<\/li>\n\n\n\n<li>Les partenaires nord-am\u00e9ricains de CIC : Fall Flights, le North American Wetlands Conservation Act (NAWCA) et le U.S. Fish and Wildlife Service.<\/li>\n<\/ul>\n\n\n\n<figure class=\"wp-block-image size-full\"><img loading=\"lazy\" decoding=\"async\" width=\"1249\" height=\"830\" src=\"https:\/\/www.thenatureforce.com\/assets\/2025\/04\/QcNatureForceTeam.jpg\" alt=\"Quebec Nature Force team\" class=\"wp-image-1241\" srcset=\"https:\/\/www.thenatureforce.com\/assets\/2025\/04\/QcNatureForceTeam.jpg 1249w, https:\/\/www.thenatureforce.com\/assets\/2025\/04\/QcNatureForceTeam-300x199.jpg 300w, https:\/\/www.thenatureforce.com\/assets\/2025\/04\/QcNatureForceTeam-1024x680.jpg 1024w, https:\/\/www.thenatureforce.com\/assets\/2025\/04\/QcNatureForceTeam-768x510.jpg 768w, https:\/\/www.thenatureforce.com\/assets\/2025\/04\/QcNatureForceTeam-18x12.jpg 18w\" sizes=\"auto, (max-width: 1249px) 100vw, 1249px\" \/><figcaption class=\"wp-element-caption\">Photo credit: M\u00e9lanie Jean<\/figcaption><\/figure>\n\n\n\n<p>Les partenaires du projet Force de la nature. De gauche \u00e0 droite : M. S\u00e9bastien Vachon, vice-pr\u00e9sident, R\u00e9gion du Qu\u00e9bec chez Definity; Mme M\u00e9lanie Deslongchamps, directrice des op\u00e9rations provinciales pour le Qu\u00e9bec chez CIC; Mme Marie-Jos\u00e9e Asselin, vice-pr\u00e9sidente du comit\u00e9 ex\u00e9cutif de la Ville de Qu\u00e9bec responsable du d\u00e9veloppement durable, des milieux naturels et de la biodiversit\u00e9; M. Louis Martin, conseiller municipal du district Cap-Rouge \u2013 Laurentien et pr\u00e9sident du conseil de ville ainsi que M. Jo\u00ebl Lightbound, d\u00e9put\u00e9 f\u00e9d\u00e9ral de Louis-H\u00e9bert.<\/p>\n<\/div>\n<\/div>\n\n\n\n<p><\/p>","protected":false},"excerpt":{"rendered":"<p>The Quebec team recently launched its Nature Force program in the province with a project focused on strengthening the resilience of the Lorette River watershed. This river, which flows through Quebec City and the town of L\u2019Ancienne-Lorette, has long been prone to flooding. Indeed, the watershed experienced two major flood events in 2005 and 2013. [&hellip;]<\/p>\n","protected":false},"author":3,"featured_media":1237,"parent":352,"menu_order":0,"comment_status":"closed","ping_status":"closed","template":"","meta":{"inline_featured_image":false,"footnotes":""},"class_list":["post-1239","page","type-page","status-publish","has-post-thumbnail","hentry"],"yoast_head":"<!-- This site is optimized with the Yoast SEO plugin v27.4 - https:\/\/yoast.com\/product\/yoast-seo-wordpress\/ -->\n<title>Restoring the Lorette River Watershed to Reduce Flood Risks - The Nature Force<\/title>\n<meta name=\"robots\" content=\"index, follow, max-snippet:-1, max-image-preview:large, max-video-preview:-1\" \/>\n<link rel=\"canonical\" href=\"https:\/\/www.thenatureforce.com\/fr\/projects\/restoring-the-lorette-river-watershed-to-reduce-flood-risks\/\" \/>\n<meta property=\"og:locale\" content=\"fr_CA\" \/>\n<meta property=\"og:type\" content=\"article\" \/>\n<meta property=\"og:title\" content=\"Restoring the Lorette River Watershed to Reduce Flood Risks - The Nature Force\" \/>\n<meta property=\"og:description\" content=\"The Quebec team recently launched its Nature Force program in the province with a project focused on strengthening the resilience of the Lorette River watershed. This river, which flows through Quebec City and the town of L\u2019Ancienne-Lorette, has long been prone to flooding. Indeed, the watershed experienced two major flood events in 2005 and 2013. [&hellip;]\" \/>\n<meta property=\"og:url\" content=\"https:\/\/www.thenatureforce.com\/fr\/projects\/restoring-the-lorette-river-watershed-to-reduce-flood-risks\/\" \/>\n<meta property=\"og:site_name\" content=\"The Nature Force\" \/>\n<meta property=\"article:modified_time\" content=\"2025-04-24T18:25:19+00:00\" \/>\n<meta property=\"og:image\" content=\"https:\/\/www.thenatureforce.com\/assets\/2025\/04\/LoretteRiver.jpg\" \/>\n\t<meta property=\"og:image:width\" content=\"1074\" \/>\n\t<meta property=\"og:image:height\" content=\"713\" \/>\n\t<meta property=\"og:image:type\" content=\"image\/jpeg\" \/>\n<meta name=\"twitter:card\" content=\"summary_large_image\" \/>\n<meta name=\"twitter:label1\" content=\"Estimation du temps de lecture\" \/>\n\t<meta name=\"twitter:data1\" content=\"3 minutes\" \/>\n<script type=\"application\/ld+json\" class=\"yoast-schema-graph\">{\"@context\":\"https:\\\/\\\/schema.org\",\"@graph\":[{\"@type\":\"WebPage\",\"@id\":\"https:\\\/\\\/www.thenatureforce.com\\\/projects\\\/restoring-the-lorette-river-watershed-to-reduce-flood-risks\\\/\",\"url\":\"https:\\\/\\\/www.thenatureforce.com\\\/projects\\\/restoring-the-lorette-river-watershed-to-reduce-flood-risks\\\/\",\"name\":\"Restoring the Lorette River Watershed to Reduce Flood Risks - The Nature Force\",\"isPartOf\":{\"@id\":\"https:\\\/\\\/www.thenatureforce.com\\\/#website\"},\"primaryImageOfPage\":{\"@id\":\"https:\\\/\\\/www.thenatureforce.com\\\/projects\\\/restoring-the-lorette-river-watershed-to-reduce-flood-risks\\\/#primaryimage\"},\"image\":{\"@id\":\"https:\\\/\\\/www.thenatureforce.com\\\/projects\\\/restoring-the-lorette-river-watershed-to-reduce-flood-risks\\\/#primaryimage\"},\"thumbnailUrl\":\"https:\\\/\\\/www.thenatureforce.com\\\/assets\\\/2025\\\/04\\\/LoretteRiver.jpg\",\"datePublished\":\"2025-04-22T19:44:01+00:00\",\"dateModified\":\"2025-04-24T18:25:19+00:00\",\"breadcrumb\":{\"@id\":\"https:\\\/\\\/www.thenatureforce.com\\\/projects\\\/restoring-the-lorette-river-watershed-to-reduce-flood-risks\\\/#breadcrumb\"},\"inLanguage\":\"fr-CA\",\"potentialAction\":[{\"@type\":\"ReadAction\",\"target\":[\"https:\\\/\\\/www.thenatureforce.com\\\/projects\\\/restoring-the-lorette-river-watershed-to-reduce-flood-risks\\\/\"]}]},{\"@type\":\"ImageObject\",\"inLanguage\":\"fr-CA\",\"@id\":\"https:\\\/\\\/www.thenatureforce.com\\\/projects\\\/restoring-the-lorette-river-watershed-to-reduce-flood-risks\\\/#primaryimage\",\"url\":\"https:\\\/\\\/www.thenatureforce.com\\\/assets\\\/2025\\\/04\\\/LoretteRiver.jpg\",\"contentUrl\":\"https:\\\/\\\/www.thenatureforce.com\\\/assets\\\/2025\\\/04\\\/LoretteRiver.jpg\",\"width\":1074,\"height\":713,\"caption\":\"Lorette River\"},{\"@type\":\"BreadcrumbList\",\"@id\":\"https:\\\/\\\/www.thenatureforce.com\\\/projects\\\/restoring-the-lorette-river-watershed-to-reduce-flood-risks\\\/#breadcrumb\",\"itemListElement\":[{\"@type\":\"ListItem\",\"position\":1,\"name\":\"Home\",\"item\":\"https:\\\/\\\/www.thenatureforce.com\\\/\"},{\"@type\":\"ListItem\",\"position\":2,\"name\":\"Projects\",\"item\":\"https:\\\/\\\/www.thenatureforce.com\\\/projects\\\/\"},{\"@type\":\"ListItem\",\"position\":3,\"name\":\"Restoring the Lorette River Watershed to Reduce Flood Risks\"}]},{\"@type\":\"WebSite\",\"@id\":\"https:\\\/\\\/www.thenatureforce.com\\\/#website\",\"url\":\"https:\\\/\\\/www.thenatureforce.com\\\/\",\"name\":\"The Nature Force\",\"description\":\"Taking Action To Protect our Future\",\"publisher\":{\"@id\":\"https:\\\/\\\/www.thenatureforce.com\\\/#organization\"},\"potentialAction\":[{\"@type\":\"SearchAction\",\"target\":{\"@type\":\"EntryPoint\",\"urlTemplate\":\"https:\\\/\\\/www.thenatureforce.com\\\/?s={search_term_string}\"},\"query-input\":{\"@type\":\"PropertyValueSpecification\",\"valueRequired\":true,\"valueName\":\"search_term_string\"}}],\"inLanguage\":\"fr-CA\"},{\"@type\":\"Organization\",\"@id\":\"https:\\\/\\\/www.thenatureforce.com\\\/#organization\",\"name\":\"The Nature Force\",\"url\":\"https:\\\/\\\/www.thenatureforce.com\\\/\",\"logo\":{\"@type\":\"ImageObject\",\"inLanguage\":\"fr-CA\",\"@id\":\"https:\\\/\\\/www.thenatureforce.com\\\/#\\\/schema\\\/logo\\\/image\\\/\",\"url\":\"https:\\\/\\\/www.thenatureforce.com\\\/assets\\\/2024\\\/02\\\/NF-4c-EN-horiz.png\",\"contentUrl\":\"https:\\\/\\\/www.thenatureforce.com\\\/assets\\\/2024\\\/02\\\/NF-4c-EN-horiz.png\",\"width\":1000,\"height\":426,\"caption\":\"The Nature Force\"},\"image\":{\"@id\":\"https:\\\/\\\/www.thenatureforce.com\\\/#\\\/schema\\\/logo\\\/image\\\/\"},\"sameAs\":[\"https:\\\/\\\/www.instagram.com\\\/the_nature_force\\\/\",\"https:\\\/\\\/www.linkedin.com\\\/company\\\/the-nature-force\",\"https:\\\/\\\/www.youtube.com\\\/channel\\\/UCuqnIDW2Z5hXBeCbeRiz6Xg\"]}]}<\/script>\n<!-- \/ Yoast SEO plugin. -->","yoast_head_json":{"title":"Restoring the Lorette River Watershed to Reduce Flood Risks - The Nature Force","robots":{"index":"index","follow":"follow","max-snippet":"max-snippet:-1","max-image-preview":"max-image-preview:large","max-video-preview":"max-video-preview:-1"},"canonical":"https:\/\/www.thenatureforce.com\/fr\/projects\/restoring-the-lorette-river-watershed-to-reduce-flood-risks\/","og_locale":"fr_CA","og_type":"article","og_title":"Restoring the Lorette River Watershed to Reduce Flood Risks - The Nature Force","og_description":"The Quebec team recently launched its Nature Force program in the province with a project focused on strengthening the resilience of the Lorette River watershed. This river, which flows through Quebec City and the town of L\u2019Ancienne-Lorette, has long been prone to flooding. Indeed, the watershed experienced two major flood events in 2005 and 2013. [&hellip;]","og_url":"https:\/\/www.thenatureforce.com\/fr\/projects\/restoring-the-lorette-river-watershed-to-reduce-flood-risks\/","og_site_name":"The Nature Force","article_modified_time":"2025-04-24T18:25:19+00:00","og_image":[{"width":1074,"height":713,"url":"https:\/\/www.thenatureforce.com\/assets\/2025\/04\/LoretteRiver.jpg","type":"image\/jpeg"}],"twitter_card":"summary_large_image","twitter_misc":{"Estimation du temps de lecture":"3 minutes"},"schema":{"@context":"https:\/\/schema.org","@graph":[{"@type":"WebPage","@id":"https:\/\/www.thenatureforce.com\/projects\/restoring-the-lorette-river-watershed-to-reduce-flood-risks\/","url":"https:\/\/www.thenatureforce.com\/projects\/restoring-the-lorette-river-watershed-to-reduce-flood-risks\/","name":"Restoring the Lorette River Watershed to Reduce Flood Risks - The Nature Force","isPartOf":{"@id":"https:\/\/www.thenatureforce.com\/#website"},"primaryImageOfPage":{"@id":"https:\/\/www.thenatureforce.com\/projects\/restoring-the-lorette-river-watershed-to-reduce-flood-risks\/#primaryimage"},"image":{"@id":"https:\/\/www.thenatureforce.com\/projects\/restoring-the-lorette-river-watershed-to-reduce-flood-risks\/#primaryimage"},"thumbnailUrl":"https:\/\/www.thenatureforce.com\/assets\/2025\/04\/LoretteRiver.jpg","datePublished":"2025-04-22T19:44:01+00:00","dateModified":"2025-04-24T18:25:19+00:00","breadcrumb":{"@id":"https:\/\/www.thenatureforce.com\/projects\/restoring-the-lorette-river-watershed-to-reduce-flood-risks\/#breadcrumb"},"inLanguage":"fr-CA","potentialAction":[{"@type":"ReadAction","target":["https:\/\/www.thenatureforce.com\/projects\/restoring-the-lorette-river-watershed-to-reduce-flood-risks\/"]}]},{"@type":"ImageObject","inLanguage":"fr-CA","@id":"https:\/\/www.thenatureforce.com\/projects\/restoring-the-lorette-river-watershed-to-reduce-flood-risks\/#primaryimage","url":"https:\/\/www.thenatureforce.com\/assets\/2025\/04\/LoretteRiver.jpg","contentUrl":"https:\/\/www.thenatureforce.com\/assets\/2025\/04\/LoretteRiver.jpg","width":1074,"height":713,"caption":"Lorette River"},{"@type":"BreadcrumbList","@id":"https:\/\/www.thenatureforce.com\/projects\/restoring-the-lorette-river-watershed-to-reduce-flood-risks\/#breadcrumb","itemListElement":[{"@type":"ListItem","position":1,"name":"Home","item":"https:\/\/www.thenatureforce.com\/"},{"@type":"ListItem","position":2,"name":"Projects","item":"https:\/\/www.thenatureforce.com\/projects\/"},{"@type":"ListItem","position":3,"name":"Restoring the Lorette River Watershed to Reduce Flood Risks"}]},{"@type":"WebSite","@id":"https:\/\/www.thenatureforce.com\/#website","url":"https:\/\/www.thenatureforce.com\/","name":"Force de la Nature","description":"Taking Action To Protect our Future","publisher":{"@id":"https:\/\/www.thenatureforce.com\/#organization"},"potentialAction":[{"@type":"SearchAction","target":{"@type":"EntryPoint","urlTemplate":"https:\/\/www.thenatureforce.com\/?s={search_term_string}"},"query-input":{"@type":"PropertyValueSpecification","valueRequired":true,"valueName":"search_term_string"}}],"inLanguage":"fr-CA"},{"@type":"Organization","@id":"https:\/\/www.thenatureforce.com\/#organization","name":"Force de la Nature","url":"https:\/\/www.thenatureforce.com\/","logo":{"@type":"ImageObject","inLanguage":"fr-CA","@id":"https:\/\/www.thenatureforce.com\/#\/schema\/logo\/image\/","url":"https:\/\/www.thenatureforce.com\/assets\/2024\/02\/NF-4c-EN-horiz.png","contentUrl":"https:\/\/www.thenatureforce.com\/assets\/2024\/02\/NF-4c-EN-horiz.png","width":1000,"height":426,"caption":"The Nature Force"},"image":{"@id":"https:\/\/www.thenatureforce.com\/#\/schema\/logo\/image\/"},"sameAs":["https:\/\/www.instagram.com\/the_nature_force\/","https:\/\/www.linkedin.com\/company\/the-nature-force","https:\/\/www.youtube.com\/channel\/UCuqnIDW2Z5hXBeCbeRiz6Xg"]}]}},"_links":{"self":[{"href":"https:\/\/www.thenatureforce.com\/fr\/wp-json\/wp\/v2\/pages\/1239","targetHints":{"allow":["GET"]}}],"collection":[{"href":"https:\/\/www.thenatureforce.com\/fr\/wp-json\/wp\/v2\/pages"}],"about":[{"href":"https:\/\/www.thenatureforce.com\/fr\/wp-json\/wp\/v2\/types\/page"}],"author":[{"embeddable":true,"href":"https:\/\/www.thenatureforce.com\/fr\/wp-json\/wp\/v2\/users\/3"}],"replies":[{"embeddable":true,"href":"https:\/\/www.thenatureforce.com\/fr\/wp-json\/wp\/v2\/comments?post=1239"}],"version-history":[{"count":3,"href":"https:\/\/www.thenatureforce.com\/fr\/wp-json\/wp\/v2\/pages\/1239\/revisions"}],"predecessor-version":[{"id":1247,"href":"https:\/\/www.thenatureforce.com\/fr\/wp-json\/wp\/v2\/pages\/1239\/revisions\/1247"}],"up":[{"embeddable":true,"href":"https:\/\/www.thenatureforce.com\/fr\/wp-json\/wp\/v2\/pages\/352"}],"wp:featuredmedia":[{"embeddable":true,"href":"https:\/\/www.thenatureforce.com\/fr\/wp-json\/wp\/v2\/media\/1237"}],"wp:attachment":[{"href":"https:\/\/www.thenatureforce.com\/fr\/wp-json\/wp\/v2\/media?parent=1239"}],"curies":[{"name":"wp","href":"https:\/\/api.w.org\/{rel}","templated":true}]}}