{"id":350,"date":"2022-03-15T08:51:53","date_gmt":"2022-03-15T13:51:53","guid":{"rendered":"https:\/\/www.thenatureforce.com\/?page_id=350"},"modified":"2026-03-27T11:28:45","modified_gmt":"2026-03-27T16:28:45","slug":"research","status":"publish","type":"page","link":"https:\/\/www.thenatureforce.com\/fr\/research\/","title":{"rendered":"Recherche"},"content":{"rendered":"<div class=\"wp-block-cakewp-slider-inserter\"><div class=\"wp-block-cakewp-block-slider alignfull block-slider blockslider-has-styles blockslider-opacity-100 blockslider-slides-opacity-100 blockslider-post-915 blockslider-uid-890e50\"><div class=\"blockslider-slider-wrapper\" data-noofslides=\"1\" data-spacebetween=\"10\" data-speed=\"400\" data-navigation=\"true\" data-pagination=\"true\" data-autoplay=\"false\" data-delay=\"3000\" data-autoplayonhover=\"true\" data-loop=\"false\" data-keyboardnavigation=\"false\" data-effect=\"slide\" data-autoheight=\"false\" data-allowtouchmove=\"false\"><div class=\"blockslider-wrapper\">\n<div class=\"wp-block-cakewp-block-slide blockslider-slide blockslider-has-styles blockslider-vertically-aligned-center blockslider-uid-dc81d7\"><div class=\"blockslider-slide-inner-wrapper blockslider__inner-container\">\n<div class=\"wp-block-cover\" style=\"padding-right:var(--wp--preset--spacing--superbspacing-large);padding-left:var(--wp--preset--spacing--superbspacing-large)\"><span aria-hidden=\"true\" class=\"wp-block-cover__background has-contrast-dark-background-color has-background-dim-40 has-background-dim\"><\/span><img loading=\"lazy\" decoding=\"async\" width=\"2000\" height=\"1333\" class=\"wp-block-cover__image-background wp-image-424\" alt=\"Impacts of climate change: flooding\" src=\"https:\/\/www.thenatureforce.com\/assets\/2022\/03\/research1-cost-inaction-min.jpg\" data-object-fit=\"cover\" srcset=\"https:\/\/www.thenatureforce.com\/assets\/2022\/03\/research1-cost-inaction-min.jpg 2000w, https:\/\/www.thenatureforce.com\/assets\/2022\/03\/research1-cost-inaction-min-300x200.jpg 300w, https:\/\/www.thenatureforce.com\/assets\/2022\/03\/research1-cost-inaction-min-1024x682.jpg 1024w, https:\/\/www.thenatureforce.com\/assets\/2022\/03\/research1-cost-inaction-min-768x512.jpg 768w, https:\/\/www.thenatureforce.com\/assets\/2022\/03\/research1-cost-inaction-min-1536x1024.jpg 1536w, https:\/\/www.thenatureforce.com\/assets\/2022\/03\/research1-cost-inaction-min-18x12.jpg 18w, https:\/\/www.thenatureforce.com\/assets\/2022\/03\/research1-cost-inaction-min-1200x800.jpg 1200w, https:\/\/www.thenatureforce.com\/assets\/2022\/03\/research1-cost-inaction-min-1500x1000.jpg 1500w, https:\/\/www.thenatureforce.com\/assets\/2022\/03\/research1-cost-inaction-min-600x400.jpg 600w\" sizes=\"auto, (max-width: 2000px) 100vw, 2000px\" \/><div class=\"wp-block-cover__inner-container has-global-padding is-layout-constrained wp-container-core-cover-is-layout-55399192 wp-block-cover-is-layout-constrained\">\n<div class=\"wp-block-group has-global-padding is-layout-constrained wp-container-core-group-is-layout-7f382c47 wp-block-group-is-layout-constrained\">\n<h2 class=\"wp-block-heading has-contrast-light-color has-text-color has-link-color has-superbfont-large-font-size wp-elements-4cbac62f21337e527b305b15b41580de\">Le co\u00fbt de l\u2019inaction<\/h2>\n\n\n\n<p class=\"has-contrast-light-color has-text-color has-link-color has-superbfont-small-font-size wp-elements-8734aab6002f2ec66e5662314bb5318a\">La recherche et les d\u00e9cisions fond\u00e9es sur les donn\u00e9es sont le c\u0153ur m\u00eame de notre activit\u00e9. Les outils de mod\u00e9lisation pr\u00e9dictive nous renseignent sur l\u2019impact des conditions m\u00e9t\u00e9orologiques extr\u00eames et de l\u2019\u00e9l\u00e9vation du niveau de la mer sur nos bassins versants et nos collectivit\u00e9s.<\/p>\n<\/div>\n<\/div><\/div>\n<\/div><\/div>\n\n\n\n<div class=\"wp-block-cakewp-block-slide blockslider-slide blockslider-has-styles blockslider-vertically-aligned-center blockslider-uid-dc81d7\"><div class=\"blockslider-slide-inner-wrapper blockslider__inner-container\">\n<div class=\"wp-block-cover\" style=\"padding-right:var(--wp--preset--spacing--superbspacing-large);padding-left:var(--wp--preset--spacing--superbspacing-large)\"><span aria-hidden=\"true\" class=\"wp-block-cover__background has-contrast-dark-background-color has-background-dim-40 has-background-dim\"><\/span><img loading=\"lazy\" decoding=\"async\" width=\"2000\" height=\"1333\" class=\"wp-block-cover__image-background wp-image-426\" alt=\"Research being conducted in a field\" src=\"https:\/\/www.thenatureforce.com\/assets\/2022\/03\/research3-leveraging-min.jpg\" style=\"object-position:52% 21%\" data-object-fit=\"cover\" data-object-position=\"52% 21%\" srcset=\"https:\/\/www.thenatureforce.com\/assets\/2022\/03\/research3-leveraging-min.jpg 2000w, https:\/\/www.thenatureforce.com\/assets\/2022\/03\/research3-leveraging-min-300x200.jpg 300w, https:\/\/www.thenatureforce.com\/assets\/2022\/03\/research3-leveraging-min-1024x682.jpg 1024w, https:\/\/www.thenatureforce.com\/assets\/2022\/03\/research3-leveraging-min-768x512.jpg 768w, https:\/\/www.thenatureforce.com\/assets\/2022\/03\/research3-leveraging-min-1536x1024.jpg 1536w, https:\/\/www.thenatureforce.com\/assets\/2022\/03\/research3-leveraging-min-18x12.jpg 18w, https:\/\/www.thenatureforce.com\/assets\/2022\/03\/research3-leveraging-min-1200x800.jpg 1200w, https:\/\/www.thenatureforce.com\/assets\/2022\/03\/research3-leveraging-min-1500x1000.jpg 1500w, https:\/\/www.thenatureforce.com\/assets\/2022\/03\/research3-leveraging-min-600x400.jpg 600w\" sizes=\"auto, (max-width: 2000px) 100vw, 2000px\" \/><div class=\"wp-block-cover__inner-container has-global-padding is-layout-constrained wp-container-core-cover-is-layout-55399192 wp-block-cover-is-layout-constrained\">\n<div class=\"wp-block-group has-global-padding is-layout-constrained wp-container-core-group-is-layout-7f382c47 wp-block-group-is-layout-constrained\">\n<h2 class=\"wp-block-heading has-contrast-light-color has-text-color has-link-color has-superbfont-large-font-size wp-elements-1f19f71357337affcaccadb4d7a1fc3f\">Miser sur les perfectionnements technologiques<\/h2>\n\n\n\n<p class=\"has-contrast-light-color has-text-color has-link-color has-superbfont-small-font-size wp-elements-250003d946b223e5d8f6a82d098729bc\">Technology is critical to mapping eco-systems and monitoring, managing, and measuring their performance. Existing partnerships with academic institutes and funding partners help advance our tools and data sets.<\/p>\n<\/div>\n<\/div><\/div>\n<\/div><\/div>\n<\/div><\/div><div class=\"blockslider-navigation-wrapper blockslider-justify-space-between blockslider-vertical-center\"><button class=\"blockslider-prev-btn\"><svg xmlns=\"http:\/\/www.w3.org\/2000\/svg\" width=\"24\" height=\"24\" viewbox=\"0 0 20 20\" fill=\"none\" aria-hidden=\"true\"><path d=\"M14 5L9 10L14 15L13 17L6 10L13 3L14 5Z\" fill=\"black\"><\/path><\/svg><\/button><button class=\"blockslider-next-btn\"><svg xmlns=\"http:\/\/www.w3.org\/2000\/svg\" width=\"24\" height=\"24\" viewbox=\"0 0 20 20\" fill=\"none\" aria-hidden=\"true\"><path d=\"M6 15L11 10L6 5L7 3L14 10L7 17L6 15Z\" fill=\"black\"><\/path><\/svg><\/button><\/div><div class=\"blockslider-pagination-wrapper blockslider-justify-center blockslider-vertical-bottom\"><div class=\"blockslider-pagination-main blockslider-pagination blockslider-orientation-horizontal blockslider-pagination-circle\"><\/div><\/div><\/div>\n\n\n<p><\/p>\n<\/div>\n\n\n\n<div class=\"wp-block-group has-global-padding is-layout-constrained wp-container-core-group-is-layout-c2408da9 wp-block-group-is-layout-constrained\" style=\"margin-top:var(--wp--preset--spacing--superbspacing-medium);margin-bottom:var(--wp--preset--spacing--superbspacing-medium)\">\n<h1 class=\"wp-block-heading has-superbfont-xsmall-font-size\">Recherche<\/h1>\n\n\n\n<p class=\"has-primary-color has-text-color has-link-color has-superbfont-large-font-size wp-elements-0e96e6ebd85912a04698395196f55989\">Il y a beaucoup de travail \u00e0 accomplir dans la lutte men\u00e9e pour ma\u00eetriser les pires chocs des \u00e9v\u00e9nements m\u00e9t\u00e9orologiques extr\u00eames.<\/p>\n\n\n\n<p>C\u2019est la raison pour laquelle il est essentiel de prioriser les projets : l\u2019acc\u00e8s aux ensembles de donn\u00e9es et aux outils de mod\u00e9lisation est d\u00e9cisif pour r\u00e9ussir.<\/p>\n\n\n\n<p>L\u2019avantage de la Force de la nature, c\u2019est que les projets ne sont pas simplement prioris\u00e9s et planifi\u00e9s : ils sont d\u00e9velopp\u00e9s et budg\u00e9t\u00e9s pour permettre de les surveiller et de les g\u00e9rer en continu pendant des dizaines d\u2019ann\u00e9es. On regroupe ensuite les donn\u00e9es pour \u00e9clairer les interventions, les politiques et les pratiques dans le domaine de la conservation.<\/p>\n\n\n\n<p>Depuis 20 ans, Canards Illimit\u00e9s Canada, partenaire conservationniste, se consacre \u00e0 l\u2019Inventaire&nbsp;<a href=\"https:\/\/www.arcgis.com\/home\/item.html?id=32127dc5d4e543a689848f25fc787621\">canadien des milieux humides (ICMH)<\/a>&nbsp;n partenariat avec Environnement et Changement climatique Canada, l\u2019Agence spatiale canadienne et le Conseil nord-am\u00e9ricain de conservation des terres humides. Ce partenariat est essentiel pour prioriser les efforts et surveiller le rendement des milieux humides et pour \u00e9valuer les changements et les inqui\u00e9tudes dans les d\u00e9r\u00e8glements climatiques, en aidant l\u2019industrie, les gouvernements et les groupes conservationnistes \u00e0 mettre au point des politiques et des protocoles sur l\u2019am\u00e9nagement du territoire et \u00e0 en&nbsp;<a href=\"https:\/\/www.thenatureforce.com\/fr\/impacts\/\">mesurer le rendement.<\/a><\/p>\n\n\n\n\n\n<ul class=\"wp-block-list\">\n<li class=\"translation-block\"><a href=\"https:\/\/www.iclr.org\/wp-content\/uploads\/2025\/11\/FR_Cities-Adapt-with-nature-based-solutions_FULLREPORT.pdf\" target=\"_self\">ICLR: les villes s'adaptent avec des solutions fond\u00e9es sur la nature<\/a> (PDF)<\/li>\n\n\n\n<li><a href=\"https:\/\/www.iclr.org\/wp-content\/uploads\/2025\/11\/20_VILLE-QUEBEC.pdf\">ICLR: VILLE DE QU\u00c9BEC Approche globale du bassin versant : Solutions int\u00e9gr\u00e9es fond\u00e9es sur la nature pour la protection en aval<\/a> (PDF) <\/li>\n\n\n\n\n\n\n\n\n\n\n\n\n\n<li><a href=\"https:\/\/www.thenatureforce.com\/assets\/2026\/03\/Analyses-HGM-UQAC-CIC-2024-RapportFinal-Version-finale_corrigee-2.pdf\" target=\"_blank\" rel=\"noreferrer noopener\">Rapport: La restauration fluviale par les processus et bas\u00e9e sur l\u2019hydrog\u00e9omorphologie : le cas du haut bassin-versant de la rivi\u00e8re Lorette<\/a> &#8211; French only (PDF)<\/li>\n<\/ul>\n<\/div>","protected":false},"excerpt":{"rendered":"<p>Research There is a lot of work to be done in the race to mitigate the worst impacts of extreme weather events. This is why project prioritization is key and access to data sets, research and modelling tools is critical to success. The Nature Force advantage is that projects are not just prioritized and planned, [&hellip;]<\/p>\n","protected":false},"author":1,"featured_media":426,"parent":0,"menu_order":0,"comment_status":"closed","ping_status":"closed","template":"wp-custom-template-page-with-slider","meta":{"inline_featured_image":false,"footnotes":""},"class_list":["post-350","page","type-page","status-publish","has-post-thumbnail","hentry"],"yoast_head":"<!-- This site is optimized with the Yoast SEO plugin v27.4 - https:\/\/yoast.com\/product\/yoast-seo-wordpress\/ -->\n<title>Research - The Nature Force<\/title>\n<meta name=\"description\" content=\"Research, access to data sets &amp; modelling tools is critical to success. This is critical for prioritizing efforts &amp; measuring performance.\" \/>\n<meta name=\"robots\" content=\"index, follow, max-snippet:-1, max-image-preview:large, max-video-preview:-1\" \/>\n<link rel=\"canonical\" href=\"https:\/\/www.thenatureforce.com\/fr\/research\/\" \/>\n<meta property=\"og:locale\" content=\"fr_CA\" \/>\n<meta property=\"og:type\" content=\"article\" \/>\n<meta property=\"og:title\" content=\"Research - The Nature Force\" \/>\n<meta property=\"og:description\" content=\"Research, access to data sets &amp; modelling tools is critical to success. This is critical for prioritizing efforts &amp; measuring performance.\" \/>\n<meta property=\"og:url\" content=\"https:\/\/www.thenatureforce.com\/fr\/research\/\" \/>\n<meta property=\"og:site_name\" content=\"The Nature Force\" \/>\n<meta property=\"article:modified_time\" content=\"2026-03-27T16:28:45+00:00\" \/>\n<meta property=\"og:image\" content=\"https:\/\/www.thenatureforce.com\/assets\/2022\/03\/research3-leveraging-min.jpg\" \/>\n\t<meta property=\"og:image:width\" content=\"2000\" \/>\n\t<meta property=\"og:image:height\" content=\"1333\" \/>\n\t<meta property=\"og:image:type\" content=\"image\/jpeg\" \/>\n<meta name=\"twitter:card\" content=\"summary_large_image\" \/>\n<meta name=\"twitter:label1\" content=\"Estimation du temps de lecture\" \/>\n\t<meta name=\"twitter:data1\" content=\"2 minutes\" \/>\n<script type=\"application\/ld+json\" class=\"yoast-schema-graph\">{\"@context\":\"https:\\\/\\\/schema.org\",\"@graph\":[{\"@type\":\"WebPage\",\"@id\":\"https:\\\/\\\/www.thenatureforce.com\\\/research\\\/\",\"url\":\"https:\\\/\\\/www.thenatureforce.com\\\/research\\\/\",\"name\":\"Research - The Nature Force\",\"isPartOf\":{\"@id\":\"https:\\\/\\\/www.thenatureforce.com\\\/#website\"},\"primaryImageOfPage\":{\"@id\":\"https:\\\/\\\/www.thenatureforce.com\\\/research\\\/#primaryimage\"},\"image\":{\"@id\":\"https:\\\/\\\/www.thenatureforce.com\\\/research\\\/#primaryimage\"},\"thumbnailUrl\":\"https:\\\/\\\/www.thenatureforce.com\\\/assets\\\/2022\\\/03\\\/research3-leveraging-min.jpg\",\"datePublished\":\"2022-03-15T13:51:53+00:00\",\"dateModified\":\"2026-03-27T16:28:45+00:00\",\"description\":\"Research, access to data sets & modelling tools is critical to success. This is critical for prioritizing efforts & measuring performance.\",\"breadcrumb\":{\"@id\":\"https:\\\/\\\/www.thenatureforce.com\\\/research\\\/#breadcrumb\"},\"inLanguage\":\"fr-CA\",\"potentialAction\":[{\"@type\":\"ReadAction\",\"target\":[\"https:\\\/\\\/www.thenatureforce.com\\\/research\\\/\"]}]},{\"@type\":\"ImageObject\",\"inLanguage\":\"fr-CA\",\"@id\":\"https:\\\/\\\/www.thenatureforce.com\\\/research\\\/#primaryimage\",\"url\":\"https:\\\/\\\/www.thenatureforce.com\\\/assets\\\/2022\\\/03\\\/research3-leveraging-min.jpg\",\"contentUrl\":\"https:\\\/\\\/www.thenatureforce.com\\\/assets\\\/2022\\\/03\\\/research3-leveraging-min.jpg\",\"width\":2000,\"height\":1333,\"caption\":\"Research being conducted in a field\"},{\"@type\":\"BreadcrumbList\",\"@id\":\"https:\\\/\\\/www.thenatureforce.com\\\/research\\\/#breadcrumb\",\"itemListElement\":[{\"@type\":\"ListItem\",\"position\":1,\"name\":\"Home\",\"item\":\"https:\\\/\\\/www.thenatureforce.com\\\/\"},{\"@type\":\"ListItem\",\"position\":2,\"name\":\"Research\"}]},{\"@type\":\"WebSite\",\"@id\":\"https:\\\/\\\/www.thenatureforce.com\\\/#website\",\"url\":\"https:\\\/\\\/www.thenatureforce.com\\\/\",\"name\":\"The Nature Force\",\"description\":\"Taking Action To Protect our Future\",\"publisher\":{\"@id\":\"https:\\\/\\\/www.thenatureforce.com\\\/#organization\"},\"potentialAction\":[{\"@type\":\"SearchAction\",\"target\":{\"@type\":\"EntryPoint\",\"urlTemplate\":\"https:\\\/\\\/www.thenatureforce.com\\\/?s={search_term_string}\"},\"query-input\":{\"@type\":\"PropertyValueSpecification\",\"valueRequired\":true,\"valueName\":\"search_term_string\"}}],\"inLanguage\":\"fr-CA\"},{\"@type\":\"Organization\",\"@id\":\"https:\\\/\\\/www.thenatureforce.com\\\/#organization\",\"name\":\"The Nature Force\",\"url\":\"https:\\\/\\\/www.thenatureforce.com\\\/\",\"logo\":{\"@type\":\"ImageObject\",\"inLanguage\":\"fr-CA\",\"@id\":\"https:\\\/\\\/www.thenatureforce.com\\\/#\\\/schema\\\/logo\\\/image\\\/\",\"url\":\"https:\\\/\\\/www.thenatureforce.com\\\/assets\\\/2024\\\/02\\\/NF-4c-EN-horiz.png\",\"contentUrl\":\"https:\\\/\\\/www.thenatureforce.com\\\/assets\\\/2024\\\/02\\\/NF-4c-EN-horiz.png\",\"width\":1000,\"height\":426,\"caption\":\"The Nature Force\"},\"image\":{\"@id\":\"https:\\\/\\\/www.thenatureforce.com\\\/#\\\/schema\\\/logo\\\/image\\\/\"},\"sameAs\":[\"https:\\\/\\\/www.instagram.com\\\/the_nature_force\\\/\",\"https:\\\/\\\/www.linkedin.com\\\/company\\\/the-nature-force\",\"https:\\\/\\\/www.youtube.com\\\/channel\\\/UCuqnIDW2Z5hXBeCbeRiz6Xg\"]}]}<\/script>\n<!-- \/ Yoast SEO plugin. -->","yoast_head_json":{"title":"Research - The Nature Force","description":"Research, access to data sets & modelling tools is critical to success. This is critical for prioritizing efforts & measuring performance.","robots":{"index":"index","follow":"follow","max-snippet":"max-snippet:-1","max-image-preview":"max-image-preview:large","max-video-preview":"max-video-preview:-1"},"canonical":"https:\/\/www.thenatureforce.com\/fr\/research\/","og_locale":"fr_CA","og_type":"article","og_title":"Research - The Nature Force","og_description":"Research, access to data sets & modelling tools is critical to success. This is critical for prioritizing efforts & measuring performance.","og_url":"https:\/\/www.thenatureforce.com\/fr\/research\/","og_site_name":"The Nature Force","article_modified_time":"2026-03-27T16:28:45+00:00","og_image":[{"width":2000,"height":1333,"url":"https:\/\/www.thenatureforce.com\/assets\/2022\/03\/research3-leveraging-min.jpg","type":"image\/jpeg"}],"twitter_card":"summary_large_image","twitter_misc":{"Estimation du temps de lecture":"2 minutes"},"schema":{"@context":"https:\/\/schema.org","@graph":[{"@type":"WebPage","@id":"https:\/\/www.thenatureforce.com\/research\/","url":"https:\/\/www.thenatureforce.com\/research\/","name":"Research - The Nature Force","isPartOf":{"@id":"https:\/\/www.thenatureforce.com\/#website"},"primaryImageOfPage":{"@id":"https:\/\/www.thenatureforce.com\/research\/#primaryimage"},"image":{"@id":"https:\/\/www.thenatureforce.com\/research\/#primaryimage"},"thumbnailUrl":"https:\/\/www.thenatureforce.com\/assets\/2022\/03\/research3-leveraging-min.jpg","datePublished":"2022-03-15T13:51:53+00:00","dateModified":"2026-03-27T16:28:45+00:00","description":"Research, access to data sets & modelling tools is critical to success. This is critical for prioritizing efforts & measuring performance.","breadcrumb":{"@id":"https:\/\/www.thenatureforce.com\/research\/#breadcrumb"},"inLanguage":"fr-CA","potentialAction":[{"@type":"ReadAction","target":["https:\/\/www.thenatureforce.com\/research\/"]}]},{"@type":"ImageObject","inLanguage":"fr-CA","@id":"https:\/\/www.thenatureforce.com\/research\/#primaryimage","url":"https:\/\/www.thenatureforce.com\/assets\/2022\/03\/research3-leveraging-min.jpg","contentUrl":"https:\/\/www.thenatureforce.com\/assets\/2022\/03\/research3-leveraging-min.jpg","width":2000,"height":1333,"caption":"Research being conducted in a field"},{"@type":"BreadcrumbList","@id":"https:\/\/www.thenatureforce.com\/research\/#breadcrumb","itemListElement":[{"@type":"ListItem","position":1,"name":"Home","item":"https:\/\/www.thenatureforce.com\/"},{"@type":"ListItem","position":2,"name":"Research"}]},{"@type":"WebSite","@id":"https:\/\/www.thenatureforce.com\/#website","url":"https:\/\/www.thenatureforce.com\/","name":"Force de la Nature","description":"Taking Action To Protect our Future","publisher":{"@id":"https:\/\/www.thenatureforce.com\/#organization"},"potentialAction":[{"@type":"SearchAction","target":{"@type":"EntryPoint","urlTemplate":"https:\/\/www.thenatureforce.com\/?s={search_term_string}"},"query-input":{"@type":"PropertyValueSpecification","valueRequired":true,"valueName":"search_term_string"}}],"inLanguage":"fr-CA"},{"@type":"Organization","@id":"https:\/\/www.thenatureforce.com\/#organization","name":"Force de la Nature","url":"https:\/\/www.thenatureforce.com\/","logo":{"@type":"ImageObject","inLanguage":"fr-CA","@id":"https:\/\/www.thenatureforce.com\/#\/schema\/logo\/image\/","url":"https:\/\/www.thenatureforce.com\/assets\/2024\/02\/NF-4c-EN-horiz.png","contentUrl":"https:\/\/www.thenatureforce.com\/assets\/2024\/02\/NF-4c-EN-horiz.png","width":1000,"height":426,"caption":"The Nature Force"},"image":{"@id":"https:\/\/www.thenatureforce.com\/#\/schema\/logo\/image\/"},"sameAs":["https:\/\/www.instagram.com\/the_nature_force\/","https:\/\/www.linkedin.com\/company\/the-nature-force","https:\/\/www.youtube.com\/channel\/UCuqnIDW2Z5hXBeCbeRiz6Xg"]}]}},"_links":{"self":[{"href":"https:\/\/www.thenatureforce.com\/fr\/wp-json\/wp\/v2\/pages\/350","targetHints":{"allow":["GET"]}}],"collection":[{"href":"https:\/\/www.thenatureforce.com\/fr\/wp-json\/wp\/v2\/pages"}],"about":[{"href":"https:\/\/www.thenatureforce.com\/fr\/wp-json\/wp\/v2\/types\/page"}],"author":[{"embeddable":true,"href":"https:\/\/www.thenatureforce.com\/fr\/wp-json\/wp\/v2\/users\/1"}],"replies":[{"embeddable":true,"href":"https:\/\/www.thenatureforce.com\/fr\/wp-json\/wp\/v2\/comments?post=350"}],"version-history":[{"count":33,"href":"https:\/\/www.thenatureforce.com\/fr\/wp-json\/wp\/v2\/pages\/350\/revisions"}],"predecessor-version":[{"id":1329,"href":"https:\/\/www.thenatureforce.com\/fr\/wp-json\/wp\/v2\/pages\/350\/revisions\/1329"}],"wp:featuredmedia":[{"embeddable":true,"href":"https:\/\/www.thenatureforce.com\/fr\/wp-json\/wp\/v2\/media\/426"}],"wp:attachment":[{"href":"https:\/\/www.thenatureforce.com\/fr\/wp-json\/wp\/v2\/media?parent=350"}],"curies":[{"name":"wp","href":"https:\/\/api.w.org\/{rel}","templated":true}]}}