{"id":354,"date":"2022-03-15T08:54:59","date_gmt":"2022-03-15T13:54:59","guid":{"rendered":"https:\/\/www.thenatureforce.com\/?page_id=354"},"modified":"2025-12-16T09:23:07","modified_gmt":"2025-12-16T15:23:07","slug":"impacts","status":"publish","type":"page","link":"https:\/\/www.thenatureforce.com\/fr\/impacts\/","title":{"rendered":"Impacts"},"content":{"rendered":"<div class=\"wp-block-cakewp-slider-inserter\"><div class=\"wp-block-cakewp-block-slider alignfull block-slider blockslider-has-styles blockslider-opacity-100 blockslider-slides-opacity-100 blockslider-post-912 blockslider-uid-890e50\"><div class=\"blockslider-slider-wrapper\" data-noofslides=\"1\" data-spacebetween=\"10\" data-speed=\"400\" data-navigation=\"true\" data-pagination=\"true\" data-autoplay=\"false\" data-delay=\"3000\" data-autoplayonhover=\"true\" data-loop=\"false\" data-keyboardnavigation=\"false\" data-effect=\"slide\" data-autoheight=\"false\" data-allowtouchmove=\"false\"><div class=\"blockslider-wrapper\">\n<div class=\"wp-block-cakewp-block-slide blockslider-slide blockslider-has-styles blockslider-vertically-aligned-center blockslider-uid-dc81d7\"><div class=\"blockslider-slide-inner-wrapper blockslider__inner-container\">\n<div class=\"wp-block-cover\" style=\"padding-right:var(--wp--preset--spacing--superbspacing-large);padding-left:var(--wp--preset--spacing--superbspacing-large);min-height:430px;aspect-ratio:unset;\"><span aria-hidden=\"true\" class=\"wp-block-cover__background has-contrast-dark-background-color has-background-dim-40 has-background-dim\"><\/span><img loading=\"lazy\" decoding=\"async\" width=\"2000\" height=\"1333\" class=\"wp-block-cover__image-background wp-image-416\" alt=\"\" src=\"https:\/\/www.thenatureforce.com\/assets\/2022\/03\/impacts1-extreme-weather-min.jpg\" data-object-fit=\"cover\" srcset=\"https:\/\/www.thenatureforce.com\/assets\/2022\/03\/impacts1-extreme-weather-min.jpg 2000w, https:\/\/www.thenatureforce.com\/assets\/2022\/03\/impacts1-extreme-weather-min-300x200.jpg 300w, https:\/\/www.thenatureforce.com\/assets\/2022\/03\/impacts1-extreme-weather-min-1024x682.jpg 1024w, https:\/\/www.thenatureforce.com\/assets\/2022\/03\/impacts1-extreme-weather-min-768x512.jpg 768w, https:\/\/www.thenatureforce.com\/assets\/2022\/03\/impacts1-extreme-weather-min-1536x1024.jpg 1536w, https:\/\/www.thenatureforce.com\/assets\/2022\/03\/impacts1-extreme-weather-min-18x12.jpg 18w, https:\/\/www.thenatureforce.com\/assets\/2022\/03\/impacts1-extreme-weather-min-1200x800.jpg 1200w, https:\/\/www.thenatureforce.com\/assets\/2022\/03\/impacts1-extreme-weather-min-1500x1000.jpg 1500w, https:\/\/www.thenatureforce.com\/assets\/2022\/03\/impacts1-extreme-weather-min-600x400.jpg 600w\" sizes=\"auto, (max-width: 2000px) 100vw, 2000px\" \/><div class=\"wp-block-cover__inner-container has-global-padding is-layout-constrained wp-container-core-cover-is-layout-55399192 wp-block-cover-is-layout-constrained\">\n<div class=\"wp-block-group has-global-padding is-layout-constrained wp-container-core-group-is-layout-7f382c47 wp-block-group-is-layout-constrained\">\n<h2 class=\"wp-block-heading has-text-align-left has-contrast-light-color has-text-color has-link-color has-superbfont-large-font-size wp-elements-f8680eba0ee8f8401002e87735591520\">La course contre les chocs m\u00e9t\u00e9orologiques<\/h2>\n\n\n\n<p class=\"has-text-align-left has-contrast-light-color has-text-color has-link-color has-superbfont-small-font-size wp-elements-35575e1009a49113a2f0c318c41ff977\">How can we protect our communities? Natural infrastructure is a part of the solution for mitigating flood risks while providing a host of ancillary benefits including climate change regulation and water purification.<\/p>\n<\/div>\n<\/div><\/div>\n<\/div><\/div>\n\n\n\n<div class=\"wp-block-cakewp-block-slide blockslider-slide blockslider-has-styles blockslider-vertically-aligned-center blockslider-uid-dc81d7\"><div class=\"blockslider-slide-inner-wrapper blockslider__inner-container\">\n<div class=\"wp-block-cover\" style=\"padding-right:var(--wp--preset--spacing--superbspacing-large);padding-left:var(--wp--preset--spacing--superbspacing-large)\"><span aria-hidden=\"true\" class=\"wp-block-cover__background has-contrast-dark-background-color has-background-dim-40 has-background-dim\"><\/span><img loading=\"lazy\" decoding=\"async\" width=\"2000\" height=\"1334\" class=\"wp-block-cover__image-background wp-image-417\" alt=\"Advocacy for nature based infrastructure\" src=\"https:\/\/www.thenatureforce.com\/assets\/2022\/03\/impacts2-dollar-question-min.jpg\" style=\"object-position:54% 39%\" data-object-fit=\"cover\" data-object-position=\"54% 39%\" srcset=\"https:\/\/www.thenatureforce.com\/assets\/2022\/03\/impacts2-dollar-question-min.jpg 2000w, https:\/\/www.thenatureforce.com\/assets\/2022\/03\/impacts2-dollar-question-min-300x200.jpg 300w, https:\/\/www.thenatureforce.com\/assets\/2022\/03\/impacts2-dollar-question-min-1024x683.jpg 1024w, https:\/\/www.thenatureforce.com\/assets\/2022\/03\/impacts2-dollar-question-min-768x512.jpg 768w, https:\/\/www.thenatureforce.com\/assets\/2022\/03\/impacts2-dollar-question-min-1536x1025.jpg 1536w, https:\/\/www.thenatureforce.com\/assets\/2022\/03\/impacts2-dollar-question-min-18x12.jpg 18w, https:\/\/www.thenatureforce.com\/assets\/2022\/03\/impacts2-dollar-question-min-1200x800.jpg 1200w, https:\/\/www.thenatureforce.com\/assets\/2022\/03\/impacts2-dollar-question-min-1500x1000.jpg 1500w, https:\/\/www.thenatureforce.com\/assets\/2022\/03\/impacts2-dollar-question-min-600x400.jpg 600w\" sizes=\"auto, (max-width: 2000px) 100vw, 2000px\" \/><div class=\"wp-block-cover__inner-container has-global-padding is-layout-constrained wp-container-core-cover-is-layout-55399192 wp-block-cover-is-layout-constrained\">\n<div class=\"wp-block-group has-global-padding is-layout-constrained wp-container-core-group-is-layout-7f382c47 wp-block-group-is-layout-constrained\">\n<h2 class=\"wp-block-heading has-text-align-left has-contrast-light-color has-text-color has-link-color has-superbfont-large-font-size wp-elements-86db3b88a308eb786f1f8073d6695e21\">La question \u00e0 5 milliards de dollars<\/h2>\n\n\n\n<p class=\"has-text-align-left has-contrast-light-color has-text-color has-link-color has-superbfont-small-font-size wp-elements-3fd7f5a086d1e713c1c91d19da83f82e\">Nature Force conservation solutions are fulfilled by Ducks Unlimited Canada, a non-profit environmental group with operations across the country and a research institute and a vast team of scientists with expertise in wetland and spatial ecology, biology, avian demography, GIS mapping technology, ecosystem services, carbon cycling and more.<\/p>\n<\/div>\n<\/div><\/div>\n<\/div><\/div>\n\n\n\n<div class=\"wp-block-cakewp-block-slide blockslider-slide blockslider-has-styles blockslider-vertically-aligned-center blockslider-uid-dc81d7\"><div class=\"blockslider-slide-inner-wrapper blockslider__inner-container\">\n<div class=\"wp-block-cover\" style=\"padding-right:var(--wp--preset--spacing--superbspacing-large);padding-left:var(--wp--preset--spacing--superbspacing-large)\"><span aria-hidden=\"true\" class=\"wp-block-cover__background has-contrast-dark-background-color has-background-dim-40 has-background-dim\"><\/span><img loading=\"lazy\" decoding=\"async\" width=\"2000\" height=\"1333\" class=\"wp-block-cover__image-background wp-image-426\" alt=\"Research being conducted in a field\" src=\"https:\/\/www.thenatureforce.com\/assets\/2022\/03\/research3-leveraging-min.jpg\" style=\"object-position:44% 22%\" data-object-fit=\"cover\" data-object-position=\"44% 22%\" srcset=\"https:\/\/www.thenatureforce.com\/assets\/2022\/03\/research3-leveraging-min.jpg 2000w, https:\/\/www.thenatureforce.com\/assets\/2022\/03\/research3-leveraging-min-300x200.jpg 300w, https:\/\/www.thenatureforce.com\/assets\/2022\/03\/research3-leveraging-min-1024x682.jpg 1024w, https:\/\/www.thenatureforce.com\/assets\/2022\/03\/research3-leveraging-min-768x512.jpg 768w, https:\/\/www.thenatureforce.com\/assets\/2022\/03\/research3-leveraging-min-1536x1024.jpg 1536w, https:\/\/www.thenatureforce.com\/assets\/2022\/03\/research3-leveraging-min-18x12.jpg 18w, https:\/\/www.thenatureforce.com\/assets\/2022\/03\/research3-leveraging-min-1200x800.jpg 1200w, https:\/\/www.thenatureforce.com\/assets\/2022\/03\/research3-leveraging-min-1500x1000.jpg 1500w, https:\/\/www.thenatureforce.com\/assets\/2022\/03\/research3-leveraging-min-600x400.jpg 600w\" sizes=\"auto, (max-width: 2000px) 100vw, 2000px\" \/><div class=\"wp-block-cover__inner-container has-global-padding is-layout-constrained wp-container-core-cover-is-layout-55399192 wp-block-cover-is-layout-constrained\">\n<div class=\"wp-block-group has-global-padding is-layout-constrained wp-container-core-group-is-layout-7f382c47 wp-block-group-is-layout-constrained\">\n<h2 class=\"wp-block-heading has-text-align-left has-contrast-light-color has-text-color has-link-color has-superbfont-large-font-size wp-elements-e4313285f4b86a3b898c18569547f8a0\">Miser sur les perfectionnements technologiques<\/h2>\n\n\n\n<p class=\"has-text-align-left has-contrast-light-color has-text-color has-link-color has-superbfont-small-font-size wp-elements-c5cc43fa6498b39b6e3460fa51ed2cb4\">Technology is critical to mapping eco-systems and monitoring, managing, and measuring their performance. Existing partnerships with academic institutes and funding partners help advance our tools and data sets.<\/p>\n<\/div>\n<\/div><\/div>\n<\/div><\/div>\n<\/div><\/div><div class=\"blockslider-navigation-wrapper blockslider-justify-space-between blockslider-vertical-center\"><button class=\"blockslider-prev-btn\"><svg xmlns=\"http:\/\/www.w3.org\/2000\/svg\" width=\"24\" height=\"24\" viewbox=\"0 0 20 20\" fill=\"none\" aria-hidden=\"true\"><path d=\"M14 5L9 10L14 15L13 17L6 10L13 3L14 5Z\" fill=\"black\"><\/path><\/svg><\/button><button class=\"blockslider-next-btn\"><svg xmlns=\"http:\/\/www.w3.org\/2000\/svg\" width=\"24\" height=\"24\" viewbox=\"0 0 20 20\" fill=\"none\" aria-hidden=\"true\"><path d=\"M6 15L11 10L6 5L7 3L14 10L7 17L6 15Z\" fill=\"black\"><\/path><\/svg><\/button><\/div><div class=\"blockslider-pagination-wrapper blockslider-justify-center blockslider-vertical-bottom\"><div class=\"blockslider-pagination-main blockslider-pagination blockslider-orientation-horizontal blockslider-pagination-circle\"><\/div><\/div><\/div><\/div>\n\n\n\n<div class=\"wp-block-group has-global-padding is-layout-constrained wp-container-core-group-is-layout-c2408da9 wp-block-group-is-layout-constrained\" style=\"margin-top:var(--wp--preset--spacing--superbspacing-medium);margin-bottom:var(--wp--preset--spacing--superbspacing-medium)\">\n<h1 class=\"wp-block-heading has-superbfont-xsmall-font-size\">Impacts<\/h1>\n\n\n\n<h2 class=\"wp-block-heading\">Bilan de la Saison sur le Terrain de Force de la Nature 2025<\/h2>\n\n\n\n<p>Alors que 2025 tire \u00e0 sa fin et <strong>que l\u2019initiative Force de la nature entame sa cinqui\u00e8me ann\u00e9e<\/strong>, nous travaillons activement \u00e0 soutenir les efforts du secteur de l\u2019assurance pour aider les collectivit\u00e9s canadiennes \u00e0 se prot\u00e9ger des changements climatiques, \u00e0 cr\u00e9er les conditions pour que la nature prosp\u00e8re et \u00e0 accro\u00eetre leur r\u00e9silience. Nous pensons \u00e9galement que c\u2019est l\u2019occasion id\u00e9ale pour faire le point sur nos r\u00e9alisations.<\/p>\n\n\n\n<p><a href=\"https:\/\/www.thenatureforce.com\/assets\/2025\/12\/NF-field-report-FR-151225.pdf\">T\u00e9l\u00e9charger Bilan de la saison sur le terrain de force de la nature<\/a> (PDF)<\/p>\n\n\n\n<h2 class=\"wp-block-heading has-primary-color has-text-color has-link-color has-superbfont-large-font-size wp-elements-1e4a612a9e5b1596fd615391d7d3d1c6\">Les bienfaits de la nature<\/h2>\n\n\n\n<p>La version 2019 du Rapport sur <a href=\"https:\/\/changingclimate.ca\/CCCR2019\/fr\/\">le climat changeant du Canada (RCCC) <\/a>, publi\u00e9 par le gouvernement f\u00e9d\u00e9ral, fait \u00e9tat de nombreux faits saillants inqui\u00e9tants, en pr\u00e9cisant notamment que \u00ab [l]es effets du r\u00e9chauffement g\u00e9n\u00e9ralis\u00e9 sont \u00e9vidents dans de nombreuses r\u00e9gions du Canada et il est pr\u00e9vu qu\u2019ils s\u2019intensifieront dans le futur.<\/p>\n\n\n\n<p>Au Canada, ces effets comprennent des extr\u00eames chauds plus fr\u00e9quents et intenses, des extr\u00eames froids moins fr\u00e9quents et intenses, des saisons de croissance plus longues, des saisons de couverture de neige et de glace plus courtes, un \u00e9coulement fluvial printanier de pointe pr\u00e9coce, un amincissement des glaciers, un d\u00e9gel du perg\u00e9lisol et une \u00e9l\u00e9vation du niveau de la mer \u00bb. Ce rapport laisse aussi entendre que si les niveaux de pr\u00e9cipitation en \u00e9t\u00e9 peuvent baisser, les pr\u00e9cipitations hivernales et l\u2019ensemble des pr\u00e9cipitations annuelles continueront d\u2019augmenter. Ce rapport indique aussi que \u00ab [l]es inondations c\u00f4ti\u00e8res devraient augmenter dans de nombreuses r\u00e9gions du Canada en raison de l\u2019\u00e9l\u00e9vation locale du niveau de la mer.<\/p>\n\n\n\n<h2 class=\"wp-block-heading\">Prioriser les investissements \u00e0 consacrer \u00e0 l\u2019adaptation au changement climatique<\/h2>\n\n\n\n<p>Nous devons prioriser les investissements \u00e0 consacrer \u00e0 l\u2019adaptation au changement climatique et \u00e0 la ma\u00eetrise des d\u00e9r\u00e8glements du climat afin de prot\u00e9ger nos collectivit\u00e9s. Dans le courant de cette d\u00e9cennie, on s\u2019attend \u00e0 ce que le co\u00fbt moyen des dommages caus\u00e9s par les chocs m\u00e9t\u00e9orologiques progresse de 138 % pour atteindre 5 milliards de dollars par an, selon le rapport 2020 de l\u2019Institut d\u2019assurance du Canada (IAC).<\/p>\n\n\n\n<p>La valeur \u00e9conomique et les bienfaits soci\u00e9taux de la <a href=\"https:\/\/www.thenatureforce.com\/fr\/solutions\/\">conservation des milieux humides et des habitats naturels<\/a> li\u00e9s sont largement document\u00e9s. Hormis l\u2019att\u00e9nuation des inondations, il s\u2019agit notamment de la r\u00e9gulation climatique (captation et stockage du carbone), de la purification de l\u2019eau, de la r\u00e9gulation des d\u00e9bits d\u2019eau, de la biodiversit\u00e9 et de l\u2019habitat faunique, de la pollinisation, de la lutte biologique et de l\u2019alimentation.<\/p>\n<\/div>","protected":false},"excerpt":{"rendered":"<p>Natural infrastructure is a part of the solution for mitigating flood risks while providing a host of ancillary benefits including climate change regulation and water purification.<\/p>","protected":false},"author":1,"featured_media":424,"parent":0,"menu_order":0,"comment_status":"closed","ping_status":"closed","template":"wp-custom-template-page-with-slider","meta":{"inline_featured_image":false,"footnotes":""},"class_list":["post-354","page","type-page","status-publish","has-post-thumbnail","hentry"],"yoast_head":"<!-- This site is optimized with the Yoast SEO plugin v27.5 - https:\/\/yoast.com\/product\/yoast-seo-wordpress\/ -->\n<title>Impacts - The Nature Force<\/title>\n<meta name=\"description\" content=\"The impacts of warming are evident in many parts of Canada &amp; are projected to intensify in the future. Protecting communities is a priority.\" \/>\n<meta name=\"robots\" content=\"index, follow, max-snippet:-1, max-image-preview:large, max-video-preview:-1\" \/>\n<link rel=\"canonical\" href=\"https:\/\/www.thenatureforce.com\/fr\/impacts\/\" \/>\n<meta property=\"og:locale\" content=\"fr_CA\" \/>\n<meta property=\"og:type\" content=\"article\" \/>\n<meta property=\"og:title\" content=\"Impacts - The Nature Force\" \/>\n<meta property=\"og:description\" content=\"The impacts of warming are evident in many parts of Canada &amp; are projected to intensify in the future. Protecting communities is a priority.\" \/>\n<meta property=\"og:url\" content=\"https:\/\/www.thenatureforce.com\/fr\/impacts\/\" \/>\n<meta property=\"og:site_name\" content=\"The Nature Force\" \/>\n<meta property=\"article:modified_time\" content=\"2025-12-16T15:23:07+00:00\" \/>\n<meta property=\"og:image\" content=\"https:\/\/www.thenatureforce.com\/assets\/2022\/03\/research1-cost-inaction-min.jpg\" \/>\n\t<meta property=\"og:image:width\" content=\"2000\" \/>\n\t<meta property=\"og:image:height\" content=\"1333\" \/>\n\t<meta property=\"og:image:type\" content=\"image\/jpeg\" \/>\n<meta name=\"twitter:card\" content=\"summary_large_image\" \/>\n<meta name=\"twitter:label1\" content=\"Estimation du temps de lecture\" \/>\n\t<meta name=\"twitter:data1\" content=\"2 minutes\" \/>\n<script type=\"application\/ld+json\" class=\"yoast-schema-graph\">{\"@context\":\"https:\\\/\\\/schema.org\",\"@graph\":[{\"@type\":\"WebPage\",\"@id\":\"https:\\\/\\\/www.thenatureforce.com\\\/impacts\\\/\",\"url\":\"https:\\\/\\\/www.thenatureforce.com\\\/impacts\\\/\",\"name\":\"Impacts - The Nature Force\",\"isPartOf\":{\"@id\":\"https:\\\/\\\/www.thenatureforce.com\\\/#website\"},\"primaryImageOfPage\":{\"@id\":\"https:\\\/\\\/www.thenatureforce.com\\\/impacts\\\/#primaryimage\"},\"image\":{\"@id\":\"https:\\\/\\\/www.thenatureforce.com\\\/impacts\\\/#primaryimage\"},\"thumbnailUrl\":\"https:\\\/\\\/www.thenatureforce.com\\\/assets\\\/2022\\\/03\\\/research1-cost-inaction-min.jpg\",\"datePublished\":\"2022-03-15T13:54:59+00:00\",\"dateModified\":\"2025-12-16T15:23:07+00:00\",\"description\":\"The impacts of warming are evident in many parts of Canada & are projected to intensify in the future. Protecting communities is a priority.\",\"breadcrumb\":{\"@id\":\"https:\\\/\\\/www.thenatureforce.com\\\/impacts\\\/#breadcrumb\"},\"inLanguage\":\"fr-CA\",\"potentialAction\":[{\"@type\":\"ReadAction\",\"target\":[\"https:\\\/\\\/www.thenatureforce.com\\\/impacts\\\/\"]}]},{\"@type\":\"ImageObject\",\"inLanguage\":\"fr-CA\",\"@id\":\"https:\\\/\\\/www.thenatureforce.com\\\/impacts\\\/#primaryimage\",\"url\":\"https:\\\/\\\/www.thenatureforce.com\\\/assets\\\/2022\\\/03\\\/research1-cost-inaction-min.jpg\",\"contentUrl\":\"https:\\\/\\\/www.thenatureforce.com\\\/assets\\\/2022\\\/03\\\/research1-cost-inaction-min.jpg\",\"width\":2000,\"height\":1333,\"caption\":\"Impacts of climate change: flooding\"},{\"@type\":\"BreadcrumbList\",\"@id\":\"https:\\\/\\\/www.thenatureforce.com\\\/impacts\\\/#breadcrumb\",\"itemListElement\":[{\"@type\":\"ListItem\",\"position\":1,\"name\":\"Home\",\"item\":\"https:\\\/\\\/www.thenatureforce.com\\\/\"},{\"@type\":\"ListItem\",\"position\":2,\"name\":\"Impacts\"}]},{\"@type\":\"WebSite\",\"@id\":\"https:\\\/\\\/www.thenatureforce.com\\\/#website\",\"url\":\"https:\\\/\\\/www.thenatureforce.com\\\/\",\"name\":\"The Nature Force\",\"description\":\"Taking Action To Protect our Future\",\"publisher\":{\"@id\":\"https:\\\/\\\/www.thenatureforce.com\\\/#organization\"},\"potentialAction\":[{\"@type\":\"SearchAction\",\"target\":{\"@type\":\"EntryPoint\",\"urlTemplate\":\"https:\\\/\\\/www.thenatureforce.com\\\/?s={search_term_string}\"},\"query-input\":{\"@type\":\"PropertyValueSpecification\",\"valueRequired\":true,\"valueName\":\"search_term_string\"}}],\"inLanguage\":\"fr-CA\"},{\"@type\":\"Organization\",\"@id\":\"https:\\\/\\\/www.thenatureforce.com\\\/#organization\",\"name\":\"The Nature Force\",\"url\":\"https:\\\/\\\/www.thenatureforce.com\\\/\",\"logo\":{\"@type\":\"ImageObject\",\"inLanguage\":\"fr-CA\",\"@id\":\"https:\\\/\\\/www.thenatureforce.com\\\/#\\\/schema\\\/logo\\\/image\\\/\",\"url\":\"https:\\\/\\\/www.thenatureforce.com\\\/assets\\\/2024\\\/02\\\/NF-4c-EN-horiz.png\",\"contentUrl\":\"https:\\\/\\\/www.thenatureforce.com\\\/assets\\\/2024\\\/02\\\/NF-4c-EN-horiz.png\",\"width\":1000,\"height\":426,\"caption\":\"The Nature Force\"},\"image\":{\"@id\":\"https:\\\/\\\/www.thenatureforce.com\\\/#\\\/schema\\\/logo\\\/image\\\/\"},\"sameAs\":[\"https:\\\/\\\/www.instagram.com\\\/the_nature_force\\\/\",\"https:\\\/\\\/www.linkedin.com\\\/company\\\/the-nature-force\",\"https:\\\/\\\/www.youtube.com\\\/channel\\\/UCuqnIDW2Z5hXBeCbeRiz6Xg\"]}]}<\/script>\n<!-- \/ Yoast SEO plugin. -->","yoast_head_json":{"title":"Impacts - The Nature Force","description":"The impacts of warming are evident in many parts of Canada & are projected to intensify in the future. Protecting communities is a priority.","robots":{"index":"index","follow":"follow","max-snippet":"max-snippet:-1","max-image-preview":"max-image-preview:large","max-video-preview":"max-video-preview:-1"},"canonical":"https:\/\/www.thenatureforce.com\/fr\/impacts\/","og_locale":"fr_CA","og_type":"article","og_title":"Impacts - The Nature Force","og_description":"The impacts of warming are evident in many parts of Canada & are projected to intensify in the future. Protecting communities is a priority.","og_url":"https:\/\/www.thenatureforce.com\/fr\/impacts\/","og_site_name":"The Nature Force","article_modified_time":"2025-12-16T15:23:07+00:00","og_image":[{"width":2000,"height":1333,"url":"https:\/\/www.thenatureforce.com\/assets\/2022\/03\/research1-cost-inaction-min.jpg","type":"image\/jpeg"}],"twitter_card":"summary_large_image","twitter_misc":{"Estimation du temps de lecture":"2 minutes"},"schema":{"@context":"https:\/\/schema.org","@graph":[{"@type":"WebPage","@id":"https:\/\/www.thenatureforce.com\/impacts\/","url":"https:\/\/www.thenatureforce.com\/impacts\/","name":"Impacts - The Nature Force","isPartOf":{"@id":"https:\/\/www.thenatureforce.com\/#website"},"primaryImageOfPage":{"@id":"https:\/\/www.thenatureforce.com\/impacts\/#primaryimage"},"image":{"@id":"https:\/\/www.thenatureforce.com\/impacts\/#primaryimage"},"thumbnailUrl":"https:\/\/www.thenatureforce.com\/assets\/2022\/03\/research1-cost-inaction-min.jpg","datePublished":"2022-03-15T13:54:59+00:00","dateModified":"2025-12-16T15:23:07+00:00","description":"The impacts of warming are evident in many parts of Canada & are projected to intensify in the future. Protecting communities is a priority.","breadcrumb":{"@id":"https:\/\/www.thenatureforce.com\/impacts\/#breadcrumb"},"inLanguage":"fr-CA","potentialAction":[{"@type":"ReadAction","target":["https:\/\/www.thenatureforce.com\/impacts\/"]}]},{"@type":"ImageObject","inLanguage":"fr-CA","@id":"https:\/\/www.thenatureforce.com\/impacts\/#primaryimage","url":"https:\/\/www.thenatureforce.com\/assets\/2022\/03\/research1-cost-inaction-min.jpg","contentUrl":"https:\/\/www.thenatureforce.com\/assets\/2022\/03\/research1-cost-inaction-min.jpg","width":2000,"height":1333,"caption":"Impacts of climate change: flooding"},{"@type":"BreadcrumbList","@id":"https:\/\/www.thenatureforce.com\/impacts\/#breadcrumb","itemListElement":[{"@type":"ListItem","position":1,"name":"Home","item":"https:\/\/www.thenatureforce.com\/"},{"@type":"ListItem","position":2,"name":"Impacts"}]},{"@type":"WebSite","@id":"https:\/\/www.thenatureforce.com\/#website","url":"https:\/\/www.thenatureforce.com\/","name":"Force de la Nature","description":"Taking Action To Protect our Future","publisher":{"@id":"https:\/\/www.thenatureforce.com\/#organization"},"potentialAction":[{"@type":"SearchAction","target":{"@type":"EntryPoint","urlTemplate":"https:\/\/www.thenatureforce.com\/?s={search_term_string}"},"query-input":{"@type":"PropertyValueSpecification","valueRequired":true,"valueName":"search_term_string"}}],"inLanguage":"fr-CA"},{"@type":"Organization","@id":"https:\/\/www.thenatureforce.com\/#organization","name":"Force de la Nature","url":"https:\/\/www.thenatureforce.com\/","logo":{"@type":"ImageObject","inLanguage":"fr-CA","@id":"https:\/\/www.thenatureforce.com\/#\/schema\/logo\/image\/","url":"https:\/\/www.thenatureforce.com\/assets\/2024\/02\/NF-4c-EN-horiz.png","contentUrl":"https:\/\/www.thenatureforce.com\/assets\/2024\/02\/NF-4c-EN-horiz.png","width":1000,"height":426,"caption":"The Nature Force"},"image":{"@id":"https:\/\/www.thenatureforce.com\/#\/schema\/logo\/image\/"},"sameAs":["https:\/\/www.instagram.com\/the_nature_force\/","https:\/\/www.linkedin.com\/company\/the-nature-force","https:\/\/www.youtube.com\/channel\/UCuqnIDW2Z5hXBeCbeRiz6Xg"]}]}},"_links":{"self":[{"href":"https:\/\/www.thenatureforce.com\/fr\/wp-json\/wp\/v2\/pages\/354","targetHints":{"allow":["GET"]}}],"collection":[{"href":"https:\/\/www.thenatureforce.com\/fr\/wp-json\/wp\/v2\/pages"}],"about":[{"href":"https:\/\/www.thenatureforce.com\/fr\/wp-json\/wp\/v2\/types\/page"}],"author":[{"embeddable":true,"href":"https:\/\/www.thenatureforce.com\/fr\/wp-json\/wp\/v2\/users\/1"}],"replies":[{"embeddable":true,"href":"https:\/\/www.thenatureforce.com\/fr\/wp-json\/wp\/v2\/comments?post=354"}],"version-history":[{"count":13,"href":"https:\/\/www.thenatureforce.com\/fr\/wp-json\/wp\/v2\/pages\/354\/revisions"}],"predecessor-version":[{"id":1307,"href":"https:\/\/www.thenatureforce.com\/fr\/wp-json\/wp\/v2\/pages\/354\/revisions\/1307"}],"wp:featuredmedia":[{"embeddable":true,"href":"https:\/\/www.thenatureforce.com\/fr\/wp-json\/wp\/v2\/media\/424"}],"wp:attachment":[{"href":"https:\/\/www.thenatureforce.com\/fr\/wp-json\/wp\/v2\/media?parent=354"}],"curies":[{"name":"wp","href":"https:\/\/api.w.org\/{rel}","templated":true}]}}