{"id":356,"date":"2022-03-15T08:56:08","date_gmt":"2022-03-15T13:56:08","guid":{"rendered":"https:\/\/www.thenatureforce.com\/?page_id=356"},"modified":"2026-01-27T15:00:51","modified_gmt":"2026-01-27T21:00:51","slug":"advocacy","status":"publish","type":"page","link":"https:\/\/www.thenatureforce.com\/fr\/advocacy\/","title":{"rendered":"Promotion"},"content":{"rendered":"<div class=\"wp-block-cakewp-slider-inserter\"><div class=\"wp-block-cakewp-block-slider alignfull block-slider blockslider-has-styles blockslider-opacity-100 blockslider-slides-opacity-100 blockslider-post-1114 blockslider-uid-890e50\"><div class=\"blockslider-slider-wrapper\" data-noofslides=\"1\" data-spacebetween=\"10\" data-speed=\"400\" data-navigation=\"true\" data-pagination=\"true\" data-autoplay=\"false\" data-delay=\"3000\" data-autoplayonhover=\"true\" data-loop=\"false\" data-keyboardnavigation=\"false\" data-effect=\"slide\" data-autoheight=\"false\" data-allowtouchmove=\"false\"><div class=\"blockslider-wrapper\">\n<div class=\"wp-block-cakewp-block-slide blockslider-slide blockslider-has-styles blockslider-vertically-aligned-center blockslider-uid-dc81d7\"><div class=\"blockslider-slide-inner-wrapper blockslider__inner-container\">\n<div class=\"wp-block-cover is-light\"><span aria-hidden=\"true\" class=\"wp-block-cover__background has-contrast-dark-background-color has-background-dim-40 has-background-dim\"><\/span><img loading=\"lazy\" decoding=\"async\" width=\"2000\" height=\"1333\" class=\"wp-block-cover__image-background wp-image-409\" alt=\"\" src=\"https:\/\/www.thenatureforce.com\/assets\/2022\/03\/advocacy1-growing-investment-min.jpg\" data-object-fit=\"cover\" srcset=\"https:\/\/www.thenatureforce.com\/assets\/2022\/03\/advocacy1-growing-investment-min.jpg 2000w, https:\/\/www.thenatureforce.com\/assets\/2022\/03\/advocacy1-growing-investment-min-300x200.jpg 300w, https:\/\/www.thenatureforce.com\/assets\/2022\/03\/advocacy1-growing-investment-min-1024x682.jpg 1024w, https:\/\/www.thenatureforce.com\/assets\/2022\/03\/advocacy1-growing-investment-min-768x512.jpg 768w, https:\/\/www.thenatureforce.com\/assets\/2022\/03\/advocacy1-growing-investment-min-1536x1024.jpg 1536w, https:\/\/www.thenatureforce.com\/assets\/2022\/03\/advocacy1-growing-investment-min-18x12.jpg 18w, https:\/\/www.thenatureforce.com\/assets\/2022\/03\/advocacy1-growing-investment-min-1200x800.jpg 1200w, https:\/\/www.thenatureforce.com\/assets\/2022\/03\/advocacy1-growing-investment-min-1500x1000.jpg 1500w, https:\/\/www.thenatureforce.com\/assets\/2022\/03\/advocacy1-growing-investment-min-600x400.jpg 600w\" sizes=\"auto, (max-width: 2000px) 100vw, 2000px\" \/><div class=\"wp-block-cover__inner-container has-global-padding is-layout-constrained wp-container-core-cover-is-layout-7f382c47 wp-block-cover-is-layout-constrained\">\n<h2 class=\"wp-block-heading has-text-align-left has-contrast-light-color has-text-color has-link-color has-superbfont-large-font-size wp-elements-69a498e5473a18a7ea4c57371c46ad5a\">Investir plus massivement dans la r\u00e9silience climatique<\/h2>\n\n\n\n<p class=\"has-contrast-light-color has-text-color has-link-color has-superbfont-small-font-size wp-elements-779ea9fc550b2463457b538d737c73dd\">Mener des travaux de recherche, r\u00e9unir des donn\u00e9es sur le rendement et mettre au point des outils \u00e9ducatifs pour susciter l\u2019int\u00e9r\u00eat et accro\u00eetre les investissements publics et priv\u00e9s dans les solutions fond\u00e9es sur la nature pour l\u2019adaptation au changement climatique.<\/p>\n<\/div><\/div>\n<\/div><\/div>\n\n\n\n<div class=\"wp-block-cakewp-block-slide blockslider-slide blockslider-has-styles blockslider-vertically-aligned-center blockslider-uid-dc81d7\"><div class=\"blockslider-slide-inner-wrapper blockslider__inner-container\">\n<div class=\"wp-block-cover\"><span aria-hidden=\"true\" class=\"wp-block-cover__background has-contrast-dark-background-color has-background-dim-40 has-background-dim\"><\/span><img loading=\"lazy\" decoding=\"async\" width=\"2000\" height=\"1334\" class=\"wp-block-cover__image-background wp-image-410\" alt=\"\" src=\"https:\/\/www.thenatureforce.com\/assets\/2022\/03\/advocacy2-data-driven-protocols-min.jpg\" data-object-fit=\"cover\" srcset=\"https:\/\/www.thenatureforce.com\/assets\/2022\/03\/advocacy2-data-driven-protocols-min.jpg 2000w, https:\/\/www.thenatureforce.com\/assets\/2022\/03\/advocacy2-data-driven-protocols-min-300x200.jpg 300w, https:\/\/www.thenatureforce.com\/assets\/2022\/03\/advocacy2-data-driven-protocols-min-1024x683.jpg 1024w, https:\/\/www.thenatureforce.com\/assets\/2022\/03\/advocacy2-data-driven-protocols-min-768x512.jpg 768w, https:\/\/www.thenatureforce.com\/assets\/2022\/03\/advocacy2-data-driven-protocols-min-1536x1025.jpg 1536w, https:\/\/www.thenatureforce.com\/assets\/2022\/03\/advocacy2-data-driven-protocols-min-18x12.jpg 18w, https:\/\/www.thenatureforce.com\/assets\/2022\/03\/advocacy2-data-driven-protocols-min-1200x800.jpg 1200w, https:\/\/www.thenatureforce.com\/assets\/2022\/03\/advocacy2-data-driven-protocols-min-1500x1000.jpg 1500w, https:\/\/www.thenatureforce.com\/assets\/2022\/03\/advocacy2-data-driven-protocols-min-600x400.jpg 600w\" sizes=\"auto, (max-width: 2000px) 100vw, 2000px\" \/><div class=\"wp-block-cover__inner-container has-global-padding is-layout-constrained wp-container-core-cover-is-layout-7f382c47 wp-block-cover-is-layout-constrained\">\n<h2 class=\"wp-block-heading has-text-align-left has-contrast-light-color has-text-color has-link-color has-superbfont-large-font-size wp-elements-59197efa198236516e615ab67279a456\">Les protocoles et les politiques fond\u00e9s sur les donn\u00e9es dans le d\u00e9veloppement des municipalit\u00e9s<\/h2>\n\n\n\n<p class=\"has-contrast-light-color has-text-color has-link-color has-superbfont-small-font-size wp-elements-a7372996d66c83886e9e5e0660293cb8\">Nouer des partenariats strat\u00e9giques pour \u00e9toffer les ensembles de donn\u00e9es et pour valoriser les outils de mod\u00e9lisation pr\u00e9dictive afin d\u2019\u00e9clairer les d\u00e9cisions d\u2019int\u00e9r\u00eat public qui prot\u00e8gent les milieux humides prioritaires et pr\u00e9viennent la r\u00e9gression nette de l\u2019habitat des milieux humides.<\/p>\n<\/div><\/div>\n<\/div><\/div>\n\n\n\n<div class=\"wp-block-cakewp-block-slide blockslider-slide blockslider-has-styles blockslider-vertically-aligned-center blockslider-uid-dc81d7\"><div class=\"blockslider-slide-inner-wrapper blockslider__inner-container\">\n<div class=\"wp-block-cover\"><span aria-hidden=\"true\" class=\"wp-block-cover__background has-contrast-dark-background-color has-background-dim-40 has-background-dim\"><\/span><img loading=\"lazy\" decoding=\"async\" width=\"2000\" height=\"1333\" class=\"wp-block-cover__image-background wp-image-411\" alt=\"A wetland along the city to take action\" src=\"https:\/\/www.thenatureforce.com\/assets\/2022\/03\/advocacy3-value-wetlands-min.jpg\" style=\"object-position:48% 59%\" data-object-fit=\"cover\" data-object-position=\"48% 59%\" srcset=\"https:\/\/www.thenatureforce.com\/assets\/2022\/03\/advocacy3-value-wetlands-min.jpg 2000w, https:\/\/www.thenatureforce.com\/assets\/2022\/03\/advocacy3-value-wetlands-min-300x200.jpg 300w, https:\/\/www.thenatureforce.com\/assets\/2022\/03\/advocacy3-value-wetlands-min-1024x682.jpg 1024w, https:\/\/www.thenatureforce.com\/assets\/2022\/03\/advocacy3-value-wetlands-min-768x512.jpg 768w, https:\/\/www.thenatureforce.com\/assets\/2022\/03\/advocacy3-value-wetlands-min-1536x1024.jpg 1536w, https:\/\/www.thenatureforce.com\/assets\/2022\/03\/advocacy3-value-wetlands-min-18x12.jpg 18w, https:\/\/www.thenatureforce.com\/assets\/2022\/03\/advocacy3-value-wetlands-min-1200x800.jpg 1200w, https:\/\/www.thenatureforce.com\/assets\/2022\/03\/advocacy3-value-wetlands-min-1500x1000.jpg 1500w, https:\/\/www.thenatureforce.com\/assets\/2022\/03\/advocacy3-value-wetlands-min-600x400.jpg 600w\" sizes=\"auto, (max-width: 2000px) 100vw, 2000px\" \/><div class=\"wp-block-cover__inner-container has-global-padding is-layout-constrained wp-container-core-cover-is-layout-7f382c47 wp-block-cover-is-layout-constrained\">\n<h2 class=\"wp-block-heading has-text-align-left has-contrast-light-color has-text-color has-link-color has-superbfont-large-font-size wp-elements-4f998605051ef1747ae22762d310d0e3\">Reconna\u00eetre toute l\u2019importance des milieux humides dans les services \u00e9cosyst\u00e9miques<\/h2>\n\n\n\n<p class=\"has-contrast-light-color has-text-color has-link-color has-superbfont-small-font-size wp-elements-2b00f9dca47369a85c747ccdc6d117d7\">Qu\u2019il s\u2019agisse de la s\u00e9questration du carbone ou de la promotion de la biodiversit\u00e9, les milieux humides jouent un r\u00f4le d\u00e9cisif en s\u00e9curisant la sant\u00e9 de nos collectivit\u00e9s, et il ne faut pas en sacrifier la p\u00e9rennit\u00e9 pour des gains \u00e0 court terme.<\/p>\n<\/div><\/div>\n<\/div><\/div>\n<\/div><\/div><div class=\"blockslider-navigation-wrapper blockslider-justify-space-between blockslider-vertical-center\"><button class=\"blockslider-prev-btn\"><svg xmlns=\"http:\/\/www.w3.org\/2000\/svg\" width=\"24\" height=\"24\" viewbox=\"0 0 20 20\" fill=\"none\" aria-hidden=\"true\"><path d=\"M14 5L9 10L14 15L13 17L6 10L13 3L14 5Z\" fill=\"black\"><\/path><\/svg><\/button><button class=\"blockslider-next-btn\"><svg xmlns=\"http:\/\/www.w3.org\/2000\/svg\" width=\"24\" height=\"24\" viewbox=\"0 0 20 20\" fill=\"none\" aria-hidden=\"true\"><path d=\"M6 15L11 10L6 5L7 3L14 10L7 17L6 15Z\" fill=\"black\"><\/path><\/svg><\/button><\/div><div class=\"blockslider-pagination-wrapper blockslider-justify-center blockslider-vertical-bottom\"><div class=\"blockslider-pagination-main blockslider-pagination blockslider-orientation-horizontal blockslider-pagination-circle\"><\/div><\/div><\/div><\/div>\n\n\n\n<div class=\"wp-block-group has-global-padding is-layout-constrained wp-container-core-group-is-layout-dc003885 wp-block-group-is-layout-constrained\" style=\"margin-top:var(--wp--preset--spacing--superbspacing-medium);margin-bottom:var(--wp--preset--spacing--superbspacing-medium);padding-right:var(--wp--preset--spacing--superbspacing-small);padding-left:var(--wp--preset--spacing--superbspacing-small)\">\n<h2 class=\"wp-block-heading has-superbfont-xsmall-font-size\">Promotion<\/h2>\n\n\n\n<p class=\"has-primary-color has-text-color has-link-color has-superbfont-large-font-size wp-elements-9d86c15937dd040e3bd358326d377450\">Les Canadiens s\u2019inqui\u00e8tent de la menace grandissante du changement climatique et de ses chocs sur leur sant\u00e9 et leur bien-\u00eatre, sur leur prosp\u00e9rit\u00e9 financi\u00e8re et sur leur avenir.<\/p>\n\n\n\n<p>Malheureusement, nous nous effor\u00e7ons actuellement de mettre en \u0153uvre des mesures d'att\u00e9nuation, en m\u00eame temps que des mesures d'adaptation et de sensibilisation.<\/p>\n\n\n\n<p class=\"translation-block\">Les projets d'infrastructures naturelles mis en \u0153uvre par Nature Force constituent \u00e0 la fois des solutions d'att\u00e9nuation du changement climatique, de sensibilisation et d'adaptation.<\/p>\n\n\n\n<p class=\"translation-block\">Les <a href=\"https:\/\/www.canards.ca\/notre-travail\/milieux-humides\/\">zones humides<\/a> naturelles comptent parmi les \u00e9cosyst\u00e8mes les plus efficaces pour pi\u00e9ger et stocker le carbone et agissent comme des filtres pour am\u00e9liorer la qualit\u00e9 de l'eau.  Ce faisant, elles am\u00e9liorent \u00e9galement notre r\u00e9silience climatique, agissant comme une \u00e9ponge pour absorber les fluctuations de l'eau et att\u00e9nuer les risques d'inondation.<\/p>\n\n\n\n<p>S\u2019il faut du temps et des efforts pour se faire d\u00e9livrer les permis et les approbations n\u00e9cessaires afin de r\u00e9aliser les projets d\u2019infrastructures naturelles dans les zones p\u00e9riurbaines, on en r\u00e9colte les avantages pendant des dizaines d\u2019ann\u00e9es. Nous travaillons en collaboration avec nos partenaires pour prioriser les projets d\u2019apr\u00e8s l\u2019importance des risques pour les collectivit\u00e9s et la viabilit\u00e9 des mesures adopt\u00e9es pour assurer la r\u00e9silience aux changements climatiques et pour produire des bienfaits \u00e9cologiques dans l\u2019ensemble. Pour en savoir plus sur l\u2019aide que vous pouvez apporter dans ces efforts, nous vous invitons \u00e0 nous suivre sur les r\u00e9seaux sociaux et \u00e0 vous abonner \u00e0 notre infolettre.<\/p>\n<\/div>","protected":false},"excerpt":{"rendered":"<p>Les Canadiens s\u2019inqui\u00e8tent de la menace grandissante du changement climatique et de ses chocs sur leur sant\u00e9 et leur bien-\u00eatre, sur leur prosp\u00e9rit\u00e9 financi\u00e8re et sur leur avenir. <\/p>","protected":false},"author":1,"featured_media":417,"parent":0,"menu_order":0,"comment_status":"closed","ping_status":"closed","template":"wp-custom-template-page-with-slider","meta":{"inline_featured_image":false,"footnotes":""},"class_list":["post-356","page","type-page","status-publish","has-post-thumbnail","hentry"],"yoast_head":"<!-- This site is optimized with the Yoast SEO plugin v27.4 - https:\/\/yoast.com\/product\/yoast-seo-wordpress\/ -->\n<title>Advocacy - The Nature Force<\/title>\n<meta name=\"description\" content=\"The natural infrastructure projects that Nature Force is implementing operate as climate change mitigation, advocacy &amp; adaptation solutions.\" \/>\n<meta name=\"robots\" content=\"index, follow, max-snippet:-1, max-image-preview:large, max-video-preview:-1\" \/>\n<link rel=\"canonical\" href=\"https:\/\/www.thenatureforce.com\/fr\/advocacy\/\" \/>\n<meta property=\"og:locale\" content=\"fr_CA\" \/>\n<meta property=\"og:type\" content=\"article\" \/>\n<meta property=\"og:title\" content=\"Advocacy - The Nature Force\" \/>\n<meta property=\"og:description\" content=\"The natural infrastructure projects that Nature Force is implementing operate as climate change mitigation, advocacy &amp; adaptation solutions.\" \/>\n<meta property=\"og:url\" content=\"https:\/\/www.thenatureforce.com\/fr\/advocacy\/\" \/>\n<meta property=\"og:site_name\" content=\"The Nature Force\" \/>\n<meta property=\"article:modified_time\" content=\"2026-01-27T21:00:51+00:00\" \/>\n<meta property=\"og:image\" content=\"https:\/\/www.thenatureforce.com\/assets\/2022\/03\/impacts2-dollar-question-min.jpg\" \/>\n\t<meta property=\"og:image:width\" content=\"2000\" \/>\n\t<meta property=\"og:image:height\" content=\"1334\" \/>\n\t<meta property=\"og:image:type\" content=\"image\/jpeg\" \/>\n<meta name=\"twitter:card\" content=\"summary_large_image\" \/>\n<meta name=\"twitter:label1\" content=\"Estimation du temps de lecture\" \/>\n\t<meta name=\"twitter:data1\" content=\"2 minutes\" \/>\n<script type=\"application\/ld+json\" class=\"yoast-schema-graph\">{\"@context\":\"https:\\\/\\\/schema.org\",\"@graph\":[{\"@type\":\"WebPage\",\"@id\":\"https:\\\/\\\/www.thenatureforce.com\\\/advocacy\\\/\",\"url\":\"https:\\\/\\\/www.thenatureforce.com\\\/advocacy\\\/\",\"name\":\"Advocacy - The Nature Force\",\"isPartOf\":{\"@id\":\"https:\\\/\\\/www.thenatureforce.com\\\/#website\"},\"primaryImageOfPage\":{\"@id\":\"https:\\\/\\\/www.thenatureforce.com\\\/advocacy\\\/#primaryimage\"},\"image\":{\"@id\":\"https:\\\/\\\/www.thenatureforce.com\\\/advocacy\\\/#primaryimage\"},\"thumbnailUrl\":\"https:\\\/\\\/www.thenatureforce.com\\\/assets\\\/2022\\\/03\\\/impacts2-dollar-question-min.jpg\",\"datePublished\":\"2022-03-15T13:56:08+00:00\",\"dateModified\":\"2026-01-27T21:00:51+00:00\",\"description\":\"The natural infrastructure projects that Nature Force is implementing operate as climate change mitigation, advocacy & adaptation solutions.\",\"breadcrumb\":{\"@id\":\"https:\\\/\\\/www.thenatureforce.com\\\/advocacy\\\/#breadcrumb\"},\"inLanguage\":\"fr-CA\",\"potentialAction\":[{\"@type\":\"ReadAction\",\"target\":[\"https:\\\/\\\/www.thenatureforce.com\\\/advocacy\\\/\"]}]},{\"@type\":\"ImageObject\",\"inLanguage\":\"fr-CA\",\"@id\":\"https:\\\/\\\/www.thenatureforce.com\\\/advocacy\\\/#primaryimage\",\"url\":\"https:\\\/\\\/www.thenatureforce.com\\\/assets\\\/2022\\\/03\\\/impacts2-dollar-question-min.jpg\",\"contentUrl\":\"https:\\\/\\\/www.thenatureforce.com\\\/assets\\\/2022\\\/03\\\/impacts2-dollar-question-min.jpg\",\"width\":2000,\"height\":1334,\"caption\":\"Advocacy for nature based infrastructure\"},{\"@type\":\"BreadcrumbList\",\"@id\":\"https:\\\/\\\/www.thenatureforce.com\\\/advocacy\\\/#breadcrumb\",\"itemListElement\":[{\"@type\":\"ListItem\",\"position\":1,\"name\":\"Home\",\"item\":\"https:\\\/\\\/www.thenatureforce.com\\\/\"},{\"@type\":\"ListItem\",\"position\":2,\"name\":\"Advocacy\"}]},{\"@type\":\"WebSite\",\"@id\":\"https:\\\/\\\/www.thenatureforce.com\\\/#website\",\"url\":\"https:\\\/\\\/www.thenatureforce.com\\\/\",\"name\":\"The Nature Force\",\"description\":\"Taking Action To Protect our Future\",\"publisher\":{\"@id\":\"https:\\\/\\\/www.thenatureforce.com\\\/#organization\"},\"potentialAction\":[{\"@type\":\"SearchAction\",\"target\":{\"@type\":\"EntryPoint\",\"urlTemplate\":\"https:\\\/\\\/www.thenatureforce.com\\\/?s={search_term_string}\"},\"query-input\":{\"@type\":\"PropertyValueSpecification\",\"valueRequired\":true,\"valueName\":\"search_term_string\"}}],\"inLanguage\":\"fr-CA\"},{\"@type\":\"Organization\",\"@id\":\"https:\\\/\\\/www.thenatureforce.com\\\/#organization\",\"name\":\"The Nature Force\",\"url\":\"https:\\\/\\\/www.thenatureforce.com\\\/\",\"logo\":{\"@type\":\"ImageObject\",\"inLanguage\":\"fr-CA\",\"@id\":\"https:\\\/\\\/www.thenatureforce.com\\\/#\\\/schema\\\/logo\\\/image\\\/\",\"url\":\"https:\\\/\\\/www.thenatureforce.com\\\/assets\\\/2024\\\/02\\\/NF-4c-EN-horiz.png\",\"contentUrl\":\"https:\\\/\\\/www.thenatureforce.com\\\/assets\\\/2024\\\/02\\\/NF-4c-EN-horiz.png\",\"width\":1000,\"height\":426,\"caption\":\"The Nature Force\"},\"image\":{\"@id\":\"https:\\\/\\\/www.thenatureforce.com\\\/#\\\/schema\\\/logo\\\/image\\\/\"},\"sameAs\":[\"https:\\\/\\\/www.instagram.com\\\/the_nature_force\\\/\",\"https:\\\/\\\/www.linkedin.com\\\/company\\\/the-nature-force\",\"https:\\\/\\\/www.youtube.com\\\/channel\\\/UCuqnIDW2Z5hXBeCbeRiz6Xg\"]}]}<\/script>\n<!-- \/ Yoast SEO plugin. -->","yoast_head_json":{"title":"Advocacy - The Nature Force","description":"The natural infrastructure projects that Nature Force is implementing operate as climate change mitigation, advocacy & adaptation solutions.","robots":{"index":"index","follow":"follow","max-snippet":"max-snippet:-1","max-image-preview":"max-image-preview:large","max-video-preview":"max-video-preview:-1"},"canonical":"https:\/\/www.thenatureforce.com\/fr\/advocacy\/","og_locale":"fr_CA","og_type":"article","og_title":"Advocacy - The Nature Force","og_description":"The natural infrastructure projects that Nature Force is implementing operate as climate change mitigation, advocacy & adaptation solutions.","og_url":"https:\/\/www.thenatureforce.com\/fr\/advocacy\/","og_site_name":"The Nature Force","article_modified_time":"2026-01-27T21:00:51+00:00","og_image":[{"width":2000,"height":1334,"url":"https:\/\/www.thenatureforce.com\/assets\/2022\/03\/impacts2-dollar-question-min.jpg","type":"image\/jpeg"}],"twitter_card":"summary_large_image","twitter_misc":{"Estimation du temps de lecture":"2 minutes"},"schema":{"@context":"https:\/\/schema.org","@graph":[{"@type":"WebPage","@id":"https:\/\/www.thenatureforce.com\/advocacy\/","url":"https:\/\/www.thenatureforce.com\/advocacy\/","name":"Advocacy - The Nature Force","isPartOf":{"@id":"https:\/\/www.thenatureforce.com\/#website"},"primaryImageOfPage":{"@id":"https:\/\/www.thenatureforce.com\/advocacy\/#primaryimage"},"image":{"@id":"https:\/\/www.thenatureforce.com\/advocacy\/#primaryimage"},"thumbnailUrl":"https:\/\/www.thenatureforce.com\/assets\/2022\/03\/impacts2-dollar-question-min.jpg","datePublished":"2022-03-15T13:56:08+00:00","dateModified":"2026-01-27T21:00:51+00:00","description":"The natural infrastructure projects that Nature Force is implementing operate as climate change mitigation, advocacy & adaptation solutions.","breadcrumb":{"@id":"https:\/\/www.thenatureforce.com\/advocacy\/#breadcrumb"},"inLanguage":"fr-CA","potentialAction":[{"@type":"ReadAction","target":["https:\/\/www.thenatureforce.com\/advocacy\/"]}]},{"@type":"ImageObject","inLanguage":"fr-CA","@id":"https:\/\/www.thenatureforce.com\/advocacy\/#primaryimage","url":"https:\/\/www.thenatureforce.com\/assets\/2022\/03\/impacts2-dollar-question-min.jpg","contentUrl":"https:\/\/www.thenatureforce.com\/assets\/2022\/03\/impacts2-dollar-question-min.jpg","width":2000,"height":1334,"caption":"Advocacy for nature based infrastructure"},{"@type":"BreadcrumbList","@id":"https:\/\/www.thenatureforce.com\/advocacy\/#breadcrumb","itemListElement":[{"@type":"ListItem","position":1,"name":"Home","item":"https:\/\/www.thenatureforce.com\/"},{"@type":"ListItem","position":2,"name":"Advocacy"}]},{"@type":"WebSite","@id":"https:\/\/www.thenatureforce.com\/#website","url":"https:\/\/www.thenatureforce.com\/","name":"Force de la Nature","description":"Taking Action To Protect our Future","publisher":{"@id":"https:\/\/www.thenatureforce.com\/#organization"},"potentialAction":[{"@type":"SearchAction","target":{"@type":"EntryPoint","urlTemplate":"https:\/\/www.thenatureforce.com\/?s={search_term_string}"},"query-input":{"@type":"PropertyValueSpecification","valueRequired":true,"valueName":"search_term_string"}}],"inLanguage":"fr-CA"},{"@type":"Organization","@id":"https:\/\/www.thenatureforce.com\/#organization","name":"Force de la Nature","url":"https:\/\/www.thenatureforce.com\/","logo":{"@type":"ImageObject","inLanguage":"fr-CA","@id":"https:\/\/www.thenatureforce.com\/#\/schema\/logo\/image\/","url":"https:\/\/www.thenatureforce.com\/assets\/2024\/02\/NF-4c-EN-horiz.png","contentUrl":"https:\/\/www.thenatureforce.com\/assets\/2024\/02\/NF-4c-EN-horiz.png","width":1000,"height":426,"caption":"The Nature Force"},"image":{"@id":"https:\/\/www.thenatureforce.com\/#\/schema\/logo\/image\/"},"sameAs":["https:\/\/www.instagram.com\/the_nature_force\/","https:\/\/www.linkedin.com\/company\/the-nature-force","https:\/\/www.youtube.com\/channel\/UCuqnIDW2Z5hXBeCbeRiz6Xg"]}]}},"_links":{"self":[{"href":"https:\/\/www.thenatureforce.com\/fr\/wp-json\/wp\/v2\/pages\/356","targetHints":{"allow":["GET"]}}],"collection":[{"href":"https:\/\/www.thenatureforce.com\/fr\/wp-json\/wp\/v2\/pages"}],"about":[{"href":"https:\/\/www.thenatureforce.com\/fr\/wp-json\/wp\/v2\/types\/page"}],"author":[{"embeddable":true,"href":"https:\/\/www.thenatureforce.com\/fr\/wp-json\/wp\/v2\/users\/1"}],"replies":[{"embeddable":true,"href":"https:\/\/www.thenatureforce.com\/fr\/wp-json\/wp\/v2\/comments?post=356"}],"version-history":[{"count":9,"href":"https:\/\/www.thenatureforce.com\/fr\/wp-json\/wp\/v2\/pages\/356\/revisions"}],"predecessor-version":[{"id":1116,"href":"https:\/\/www.thenatureforce.com\/fr\/wp-json\/wp\/v2\/pages\/356\/revisions\/1116"}],"wp:featuredmedia":[{"embeddable":true,"href":"https:\/\/www.thenatureforce.com\/fr\/wp-json\/wp\/v2\/media\/417"}],"wp:attachment":[{"href":"https:\/\/www.thenatureforce.com\/fr\/wp-json\/wp\/v2\/media?parent=356"}],"curies":[{"name":"wp","href":"https:\/\/api.w.org\/{rel}","templated":true}]}}